{"id":983,"date":"2013-03-29T12:53:57","date_gmt":"2013-03-29T12:53:57","guid":{"rendered":"http:\/\/www.arztpraxisloewenzentrum.ch\/index.php\/reiseplanung-2\/"},"modified":"2015-10-16T20:42:17","modified_gmt":"2015-10-16T20:42:17","slug":"reiseplanung","status":"publish","type":"page","link":"https:\/\/www.medizin-zentrum-dietikon.ch\/index.php\/reiseplanung\/","title":{"rendered":"Reiseplanung"},"content":{"rendered":"<p style=\"text-align: justify;\">Sie planen eine Reise? Die Arztpraxis L\u00f6wenzentrum ist Mitglied von Tropimed. Tropimed stellt Aerztinnen und Aerzten aktuelle reisemedizinische Informationen zur Verf\u00fcgung und macht so eine kompetente reisemedizinische Beratung m\u00f6glich. W\u00e4hlen Sie ein Land aus untenstehender Liste und Sie erhalten Informationen \u00fcber Ihr Reiseziel. Weitergehende Informationen und ein Dossier mit weiteren, interessanten reisemedizinischen Informationen erhalten Sie im Rahmen einer reisemedizinischen Beratung in der Arztpraxis L\u00f6wenzentrum.<\/p>\n<p><iframe loading=\"lazy\" style=\"border: 0px none #ffffff; color: #ffffff;\" src=\"http:\/\/www.arztpraxisloewenzentrum.ch\/wordpress\/wp-includes\/reisen\/reisen.htm\" name=\"Der K\u00f6rper\" width=\"600\" height=\"100\" frameborder=\"1\" marginwidth=\"0px\" marginheight=\"0px\" scrolling=\"auto\" align=\"aus\"><\/iframe><\/p>\n<p style=\"text-align: justify;\">Sie w\u00fcnschen eine reisemedizinische Beratung. Dann gehen Sie folgendermassen vor:<\/p>\n<p style=\"text-align: justify;\">1. Vereinbaren Sie rechtzeitig (am besten einige Monate vor der geplanten Reise) einen Termin. Impfungen ben\u00f6tigen mehrere Wochen bis Monate bis sie einen wirksamen Schutz bieten. Geben Sie der Praxisassistentin ihre genaue Reiseroute, ihr Abreisedatum und das Datum der R\u00fcckkehr bekannt. Falls Sie eine Reiseapotheke w\u00fcnschen, dann teilen Sie das der Praxisassistentin mit<\/p>\n<p style=\"text-align: justify;\">2. Nehmen Sie zum vereinbarten Termin Ihr Impfb\u00fcchlein mit (noch besser geben Sie das B\u00fcchlein vor dem Termin ab)<\/p>\n<p style=\"text-align: justify;\">3. Am vereinbarten Termin werden Sie \u00fcber die n\u00f6tigen Impfungen und weitere wichtige Vorbereitungen informiert. Sie erhalten ein Dossier mit medizinischen Informationen \u00fcber Ihr Reiseziel, welches Sie auf Ihrer Reise begleiten soll. Je nachdem k\u00f6nnen die Impfungen unmittelbar im Anschluss an die Beratung erfolgen, manchmal auch zu einem separaten Zeitpunkt.<\/p>\n<p style=\"text-align: justify;\">Gute Reise!<\/p>\n","protected":false},"excerpt":{"rendered":"<p>Sie planen eine Reise? Die Arztpraxis L\u00f6wenzentrum ist Mitglied von Tropimed. Tropimed stellt Aerztinnen und Aerzten aktuelle reisemedizinische Informationen zur Verf\u00fcgung und macht so eine kompetente reisemedizinische Beratung m\u00f6glich. W\u00e4hlen Sie ein Land aus untenstehender Liste und Sie erhalten Informationen \u00fcber Ihr Reiseziel. Weitergehende Informationen und ein Dossier mit weiteren, interessanten reisemedizinischen Informationen erhalten Sie im Rahmen einer reisemedizinischen Beratung in der Arztpraxis L\u00f6wenzentrum. Sie w\u00fcnschen eine reisemedizinische Beratung. Dann gehen Sie folgendermassen vor: 1. Vereinbaren Sie rechtzeitig (am besten einige Monate vor der geplanten Reise) einen Termin. Impfungen ben\u00f6tigen mehrere Wochen bis Monate bis sie einen wirksamen Schutz bieten. Geben Sie der Praxisassistentin ihre genaue Reiseroute, ihr Abreisedatum und das Datum der R\u00fcckkehr bekannt. Falls Sie eine Reiseapotheke w\u00fcnschen, dann teilen Sie das der Praxisassistentin mit 2. Nehmen Sie zum vereinbarten Termin Ihr Impfb\u00fcchlein mit (noch besser geben Sie das B\u00fcchlein vor dem Termin ab) 3. Am vereinbarten Termin werden Sie \u00fcber die n\u00f6tigen Impfungen und weitere wichtige Vorbereitungen informiert. Sie erhalten ein Dossier mit medizinischen Informationen \u00fcber Ihr Reiseziel, welches Sie auf Ihrer Reise begleiten soll. Je nachdem k\u00f6nnen die Impfungen unmittelbar im Anschluss an die Beratung erfolgen, manchmal auch zu einem separaten Zeitpunkt. Gute Reise!<\/p>\n","protected":false},"author":1,"featured_media":0,"parent":0,"menu_order":0,"comment_status":"closed","ping_status":"closed","template":"","meta":{"footnotes":""},"class_list":["post-983","page","type-page","status-publish","hentry"],"_links":{"self":[{"href":"https:\/\/www.medizin-zentrum-dietikon.ch\/index.php\/wp-json\/wp\/v2\/pages\/983","targetHints":{"allow":["GET"]}}],"collection":[{"href":"https:\/\/www.medizin-zentrum-dietikon.ch\/index.php\/wp-json\/wp\/v2\/pages"}],"about":[{"href":"https:\/\/www.medizin-zentrum-dietikon.ch\/index.php\/wp-json\/wp\/v2\/types\/page"}],"author":[{"embeddable":true,"href":"https:\/\/www.medizin-zentrum-dietikon.ch\/index.php\/wp-json\/wp\/v2\/users\/1"}],"replies":[{"embeddable":true,"href":"https:\/\/www.medizin-zentrum-dietikon.ch\/index.php\/wp-json\/wp\/v2\/comments?post=983"}],"version-history":[{"count":2,"href":"https:\/\/www.medizin-zentrum-dietikon.ch\/index.php\/wp-json\/wp\/v2\/pages\/983\/revisions"}],"predecessor-version":[{"id":1432,"href":"https:\/\/www.medizin-zentrum-dietikon.ch\/index.php\/wp-json\/wp\/v2\/pages\/983\/revisions\/1432"}],"wp:attachment":[{"href":"https:\/\/www.medizin-zentrum-dietikon.ch\/index.php\/wp-json\/wp\/v2\/media?parent=983"}],"curies":[{"name":"wp","href":"https:\/\/api.w.org\/{rel}","templated":true}]}}