{"id":943,"date":"2013-04-14T15:50:17","date_gmt":"2013-04-14T15:50:17","guid":{"rendered":"http:\/\/www.arztpraxisloewenzentrum.ch\/index.php\/der-menschliche-korper\/thymus\/"},"modified":"2016-10-20T15:18:41","modified_gmt":"2016-10-20T15:18:41","slug":"thymus","status":"publish","type":"page","link":"https:\/\/www.medizin-zentrum-dietikon.ch\/index.php\/der-menschliche-korper\/thymus\/","title":{"rendered":"Thymus"},"content":{"rendered":"<p style=\"text-align: justify;\"><a href=\"http:\/\/www.arztpraxisloewenzentrum.ch\/wordpress\/wp-content\/uploads\/2013\/04\/thymus1.jpg\"><img loading=\"lazy\" decoding=\"async\" class=\"alignleft size-full wp-image-393\" src=\"http:\/\/www.arztpraxisloewenzentrum.ch\/wordpress\/wp-content\/uploads\/2013\/04\/thymus1.jpg\" alt=\"thymus1\" width=\"260\" height=\"265\" \/><\/a> Der Thymus (deutsch: Bries) ist Teil des menschlichen Immunsystems, welches der Abwehr von Krankheitserregern (Bakterien, Viren, Krebszellen) dient. . Es liegt im Brustkorb vor und oberhalb des Herzensund besteht aus 2 Lappen. Jeder Lappen ist wiederum in mehrere kleinere L\u00e4ppchen aufgeteilt. Die Aufgabe des Thymus ist es, eine Unterart der Abwehrzellen, die T-Zellen \u201eauszubilden\u201c (wobei der Buchstabe T f\u00fcr Thymus steht).<\/p>\n<p style=\"text-align: justify;\">Die Gr\u00f6sse des Thymus h\u00e4ngt ab vom Lebensalter. Schon beim Neugeborenen ist der Thymus funktionsf\u00e4hig. Zu diesem Zeitpunkt ist jeder der zwei Lappen etwa 5 cm lang und 2 cm breit. Das Gewicht des Thymus betr\u00e4gt zu diesem Zeitpunkt etwa 10-15 g. Bei Kleinkindern w\u00e4chst das Organ auf das Vierfache dieser Gr\u00f6sse an. Nach Beginn der Pubert\u00e4t bildet es sich zur\u00fcck und wird nach und nach durch Fettgewebe ersetzt. Bei einem Erwachsenen ist der Thymus somit nur noch etwa 10 g schwer &#8211; also so gross wie beim Neugeborenen. Ab jetzt bezeichnet man das Organ als Thymusrestk\u00f6rper. Die R\u00fcckbildung des Thymus geschieht, nachdem ein bestimmter Vorrat an T-Abwehrzellen ausgebildet worden ist. Bei Kontakt mit k\u00f6rperfremdem Material kommt es zu einer Vermehrung der Zellen im Blut oder in den Lymphknoten.<\/p>\n<p><strong>Feinbau und Funktion<\/strong><\/p>\n<p style=\"text-align: justify;\"><a href=\"http:\/\/www.arztpraxisloewenzentrum.ch\/wordpress\/wp-content\/uploads\/2013\/04\/thymus2.jpg\"><img loading=\"lazy\" decoding=\"async\" class=\" wp-image-394 alignright\" src=\"http:\/\/www.arztpraxisloewenzentrum.ch\/wordpress\/wp-content\/uploads\/2013\/04\/thymus2.jpg\" alt=\"thymus2\" width=\"266\" height=\"212\" srcset=\"https:\/\/www.medizin-zentrum-dietikon.ch\/wordpress\/wp-content\/uploads\/2013\/04\/thymus2.jpg 443w, https:\/\/www.medizin-zentrum-dietikon.ch\/wordpress\/wp-content\/uploads\/2013\/04\/thymus2-300x239.jpg 300w\" sizes=\"auto, (max-width: 266px) 100vw, 266px\" \/><\/a> Wie schon erw\u00e4hnt, besteht der Thymus aus 2 Lappen, die sich ihrerseits aus mehreren kleineren L\u00e4ppchen zusammensetzen. Jedes der kleinen L\u00e4ppchen wird in 2 Zonen geteilt: die Rinde und das Mark. Den Unterschied sieht man bei speziell angefertigten Pr\u00e4paraten bereits schon mit blossem Auge: die Rindenregion hat viel mehr Zellen als die Markregion.<br \/>\nDie Aufgabe des Thymus ist es, die jungen und unreifen T-Zellen zu schulen. Damit unser Abwehrsystem richtig funktioniert, m\u00fcssen diese Abwehrzellen n\u00e4mlich lernen, K\u00f6rperfremdes zu zu erkennen und K\u00f6rpereigenes zu schonen (damit die Abwehrzellen nicht k\u00f6rpereigenes Gewebe angreifen). Die Abwehrzellen entstehen im Knochenmark, wandern von dort mit dem Blutstrom in den Thymus. Dort gelangen sie zuerst in die Rinde und wandern dann von aussen nach innen (also durch die Rinde hindurch zum Mark). Auf ihrem Weg reifen sie zu voll funktionsf\u00e4higen T-Zellen heran. Die nicht funktionierenden Zellen werden auf ihrem Weg ins Mark ausgesondert (beispiels-weise werden Abwehrzellen, welche k\u00f6rpereigenes Gewebe angreifen, zerst\u00f6rt). <strong>Das Immunsystem lernt also im Thymus gegen\u00fcber dem eigenem K\u00f6rper \u201etolerant\u201c zu sein (Selbsttoleranz). <\/strong><\/p>\n<p style=\"text-align: justify;\"><strong>Krankheiten<\/strong><br \/>\nIm Thymus kann sich ein Tumor entwickeln, der unter Umst\u00e4nden operativ entfernt werden muss. Bei Kleinkindern kann dies Auswirkungen auf die Entwicklung des Immunsystems haben, das es zu diesem Zeitpunkt noch nicht vollst\u00e4ndig ausgebildet ist. Es kann aber auch sein, dass der Tumor den Ausbildungsprozess der T-Abwehrzellen st\u00f6rt. Der K\u00f6rper lernt nicht, richtig zwischen k\u00f6rpereigenem und k\u00f6rperfremdem Gewebe zu unterscheiden. Es entstehen sogenannte Autoimmunerkrankungen. Dabei greifen T-Abwehrzellen k\u00f6rpereigenes Gewebe an. Eine Entfernung des Thymus kann dann eine positive Auwirkung auf die Krankheit haben.<br \/>\nBeim sogenannten Di-George-Syndrom fehlt der Thymus aufgrund eines Defekts in der Erbsustanz Die T-Zell-Reifung findet dann nicht statt und und das Immunsystem ist allgemein sehr geschw\u00e4cht<\/p>\n<p style=\"text-align: justify;\"><strong>Untersuchungstechniken<\/strong><br \/>\nMittels moderner Bildgebung (Computertomographie oder MRI) kann der Thymus untersucht wer-den.<\/p>\n","protected":false},"excerpt":{"rendered":"<p>Der Thymus (deutsch: Bries) ist Teil des menschlichen Immunsystems, welches der Abwehr von Krankheitserregern (Bakterien, Viren, Krebszellen) dient. . Es liegt im Brustkorb vor und oberhalb des Herzensund besteht aus 2 Lappen. Jeder Lappen ist wiederum in mehrere kleinere L\u00e4ppchen aufgeteilt. Die Aufgabe des Thymus ist es, eine Unterart der Abwehrzellen, die T-Zellen \u201eauszubilden\u201c (wobei der Buchstabe T f\u00fcr Thymus steht). Die Gr\u00f6sse des Thymus h\u00e4ngt ab vom Lebensalter. Schon beim Neugeborenen ist der Thymus funktionsf\u00e4hig. Zu diesem Zeitpunkt ist jeder der zwei Lappen etwa 5 cm lang und 2 cm breit. Das Gewicht des Thymus betr\u00e4gt zu diesem Zeitpunkt etwa 10-15 g. Bei Kleinkindern w\u00e4chst das Organ auf das Vierfache dieser Gr\u00f6sse an. Nach Beginn der Pubert\u00e4t bildet es sich zur\u00fcck und wird nach und nach durch Fettgewebe ersetzt. Bei einem Erwachsenen ist der Thymus somit nur noch etwa 10 g schwer &#8211; also so gross wie beim Neugeborenen. Ab jetzt bezeichnet man das Organ als Thymusrestk\u00f6rper. Die R\u00fcckbildung des Thymus geschieht, nachdem ein bestimmter Vorrat an T-Abwehrzellen ausgebildet worden ist. Bei Kontakt mit k\u00f6rperfremdem Material kommt es zu einer Vermehrung der Zellen im Blut oder in den Lymphknoten. Feinbau und Funktion Wie schon erw\u00e4hnt, besteht der Thymus aus 2 Lappen, die sich ihrerseits aus mehreren kleineren L\u00e4ppchen zusammensetzen. Jedes der kleinen L\u00e4ppchen wird in 2 Zonen geteilt: die Rinde und das Mark. Den Unterschied sieht man bei speziell angefertigten Pr\u00e4paraten bereits schon mit blossem Auge: die Rindenregion hat viel mehr Zellen als die Markregion. Die Aufgabe des Thymus ist es, die jungen und unreifen T-Zellen zu schulen. Damit unser Abwehrsystem richtig funktioniert, m\u00fcssen diese Abwehrzellen n\u00e4mlich lernen, K\u00f6rperfremdes zu zu erkennen und K\u00f6rpereigenes zu schonen (damit die Abwehrzellen nicht k\u00f6rpereigenes Gewebe angreifen). Die Abwehrzellen entstehen im Knochenmark, wandern von dort mit dem Blutstrom in den Thymus. Dort gelangen sie zuerst in die Rinde und wandern dann von aussen nach innen (also durch die Rinde hindurch zum Mark). Auf ihrem Weg reifen sie zu voll funktionsf\u00e4higen T-Zellen heran. Die nicht funktionierenden Zellen werden auf ihrem Weg ins Mark ausgesondert (beispiels-weise werden Abwehrzellen, welche k\u00f6rpereigenes Gewebe angreifen, zerst\u00f6rt). Das Immunsystem lernt also im Thymus gegen\u00fcber dem eigenem K\u00f6rper \u201etolerant\u201c zu sein (Selbsttoleranz). Krankheiten Im Thymus kann sich ein Tumor entwickeln, der unter Umst\u00e4nden operativ entfernt werden muss. Bei Kleinkindern kann dies Auswirkungen auf die Entwicklung des Immunsystems haben, das es zu diesem Zeitpunkt noch nicht vollst\u00e4ndig ausgebildet ist. Es kann aber auch sein, dass der Tumor den Ausbildungsprozess der T-Abwehrzellen st\u00f6rt. Der K\u00f6rper lernt nicht, richtig zwischen k\u00f6rpereigenem und k\u00f6rperfremdem Gewebe zu unterscheiden. Es entstehen sogenannte Autoimmunerkrankungen. Dabei greifen T-Abwehrzellen k\u00f6rpereigenes Gewebe an. Eine Entfernung des Thymus kann dann eine positive Auwirkung auf die Krankheit haben. Beim sogenannten Di-George-Syndrom fehlt der Thymus aufgrund eines Defekts in der Erbsustanz Die T-Zell-Reifung findet dann nicht statt und und das Immunsystem ist allgemein sehr geschw\u00e4cht Untersuchungstechniken Mittels moderner Bildgebung (Computertomographie oder MRI) kann der Thymus untersucht wer-den.<\/p>\n","protected":false},"author":1,"featured_media":0,"parent":906,"menu_order":0,"comment_status":"closed","ping_status":"closed","template":"","meta":{"footnotes":""},"class_list":["post-943","page","type-page","status-publish","hentry"],"_links":{"self":[{"href":"https:\/\/www.medizin-zentrum-dietikon.ch\/index.php\/wp-json\/wp\/v2\/pages\/943","targetHints":{"allow":["GET"]}}],"collection":[{"href":"https:\/\/www.medizin-zentrum-dietikon.ch\/index.php\/wp-json\/wp\/v2\/pages"}],"about":[{"href":"https:\/\/www.medizin-zentrum-dietikon.ch\/index.php\/wp-json\/wp\/v2\/types\/page"}],"author":[{"embeddable":true,"href":"https:\/\/www.medizin-zentrum-dietikon.ch\/index.php\/wp-json\/wp\/v2\/users\/1"}],"replies":[{"embeddable":true,"href":"https:\/\/www.medizin-zentrum-dietikon.ch\/index.php\/wp-json\/wp\/v2\/comments?post=943"}],"version-history":[{"count":1,"href":"https:\/\/www.medizin-zentrum-dietikon.ch\/index.php\/wp-json\/wp\/v2\/pages\/943\/revisions"}],"predecessor-version":[{"id":1600,"href":"https:\/\/www.medizin-zentrum-dietikon.ch\/index.php\/wp-json\/wp\/v2\/pages\/943\/revisions\/1600"}],"up":[{"embeddable":true,"href":"https:\/\/www.medizin-zentrum-dietikon.ch\/index.php\/wp-json\/wp\/v2\/pages\/906"}],"wp:attachment":[{"href":"https:\/\/www.medizin-zentrum-dietikon.ch\/index.php\/wp-json\/wp\/v2\/media?parent=943"}],"curies":[{"name":"wp","href":"https:\/\/api.w.org\/{rel}","templated":true}]}}