{"id":931,"date":"2013-04-14T16:56:04","date_gmt":"2013-04-14T16:56:04","guid":{"rendered":"http:\/\/www.arztpraxisloewenzentrum.ch\/index.php\/der-menschliche-korper\/milz\/"},"modified":"2015-04-02T11:17:09","modified_gmt":"2015-04-02T11:17:09","slug":"milz","status":"publish","type":"page","link":"https:\/\/www.medizin-zentrum-dietikon.ch\/index.php\/der-menschliche-korper\/milz\/","title":{"rendered":"Milz"},"content":{"rendered":"<p style=\"text-align: justify;\"><img loading=\"lazy\" decoding=\"async\" class=\"alignleft  wp-image-423\" style=\"margin-right: 10px;\" alt=\"milz-gross\" src=\"http:\/\/www.arztpraxisloewenzentrum.ch\/wordpress\/wp-content\/uploads\/2013\/04\/milz-gross.jpg\" width=\"158\" height=\"238\" srcset=\"https:\/\/www.medizin-zentrum-dietikon.ch\/wordpress\/wp-content\/uploads\/2013\/04\/milz-gross.jpg 264w, https:\/\/www.medizin-zentrum-dietikon.ch\/wordpress\/wp-content\/uploads\/2013\/04\/milz-gross-199x300.jpg 199w\" sizes=\"auto, (max-width: 158px) 100vw, 158px\" \/>Die Milz ist ca. 4x7x11cm gross, also etwa faustgross. Sie liegt im Oberbauch, auf der linken Seite, unterhalb des Zwerchfells, \u00fcber der linken Niere. Von vorne wird sie durch den Magen gr\u00f6sstenteils verdeckt. Befestigt ist die Milz durch die bindegewebigen Str\u00e4nge. Der eine von ihnen verbindet die Milz mit der hinteren Bauchwand, und der andere die Milz mit dem Magen. Das Gewicht der Milz betr\u00e4gt ca. 150-200g.<\/p>\n<p style=\"text-align: justify;\">Die Milz ist ein sog. lymphatisches Organ und damit Teil des menschlichen Immunsystems, welches der Abwehr von Krankheiten dient. In der Milz erfolgt das Aufeinandertreffen von Antigenen (das sind sind zum Beispiel Bakterien oder Viren) und Immunzellen. Zus\u00e4tzlich zu dieser Abwehraufgabe sondert die Milz auch noch die alten, nicht mehr funktionsf\u00e4higen Blutzellen (rote Blutk\u00f6rperchen = Erythrozyten , und die Blutpl\u00e4ttchen = Thrombozyten) und beseitigen.<\/p>\n<p style=\"text-align: justify;\"><strong>Feinbau und Funktion<\/strong><br \/>\nMan unterscheidet in der Milz die \u201eweisse Pulpa\u201c (wo sich die weissen Blutzellen ansiedeln) und die \u201erote Pulpa\u201c (der Raum zwischen den Inseln der weissen Pulpa. Hier fliesst das \u201erote\u201c Blut).<br \/>\nIn der weissen Pulpa findet die Immunreaktion statt, dort reagiert der K\u00f6rper auf k\u00f6rperfremde Stoffe. Die weisse Pulpa ist in Form von kleinen \u201eKn\u00f6tchen\u201c in der ganzen Milz verteilt, auch um die Milzarterien herum. Dort siedeln sich die Immunabwehrzellen an und werden in Kontakt mit den Antigenen (Bakterien, Viren oder deren Einzelteilen) gebracht, die mit dem Blutstrom in die Milz transportiert werden. Normalerweise betr\u00e4gt der Anteil der weissen Pulpa etwa 1\/5 der gesamten Milz. Bei einer starken Immunreaktion kann dieser Anteil jedoch bis zur H\u00e4lfte ausmachen..<\/p>\n<p style=\"text-align: justify;\"><img loading=\"lazy\" decoding=\"async\" class=\"aligncenter size-full wp-image-424\" alt=\"milz-histo\" src=\"http:\/\/www.arztpraxisloewenzentrum.ch\/wordpress\/wp-content\/uploads\/2013\/04\/milz-histo.jpg\" width=\"545\" height=\"454\" srcset=\"https:\/\/www.medizin-zentrum-dietikon.ch\/wordpress\/wp-content\/uploads\/2013\/04\/milz-histo.jpg 545w, https:\/\/www.medizin-zentrum-dietikon.ch\/wordpress\/wp-content\/uploads\/2013\/04\/milz-histo-300x249.jpg 300w\" sizes=\"auto, (max-width: 545px) 100vw, 545px\" \/><img loading=\"lazy\" decoding=\"async\" class=\"alignright  wp-image-426\" alt=\"milz-3\" src=\"http:\/\/www.arztpraxisloewenzentrum.ch\/wordpress\/wp-content\/uploads\/2013\/04\/milz-3.jpg\" width=\"300\" height=\"119\" srcset=\"https:\/\/www.medizin-zentrum-dietikon.ch\/wordpress\/wp-content\/uploads\/2013\/04\/milz-3.jpg 500w, https:\/\/www.medizin-zentrum-dietikon.ch\/wordpress\/wp-content\/uploads\/2013\/04\/milz-3-300x119.jpg 300w\" sizes=\"auto, (max-width: 300px) 100vw, 300px\" \/>D<strong><\/strong>ie Milz wird sehr gut durchblutet. Die Besonderheit besteht darin, dass das Blut nicht nur durch normale Gef\u00e4sse fliesst, wie es in anderen Organen der Fall ist. Die Gef\u00e4ssw\u00e4nde sind n\u00e4mlich nicht durchgehend, sondern \u201edurchl\u00f6chert\u201c (diskontinuierlich). Der Duchmesser dieser L\u00f6cher ist kleiner als der Durchmesser eines roten Blutk\u00f6rperchens. Die jungen roten Blutk\u00f6rperchen sind sehr verformbar und k\u00f6nnen sich durch diese L\u00fccken hindurchzw\u00e4ngen und so in das benachbarte Gewebe gelangen. Bei den alten roten Blutk\u00f6rperchen ist diese Eigenschaft jedoch beeintr\u00e4chtigt und sie bleiben h\u00e4ngen, so dass sie schliesslich von den spezialisierten Fresszellen (Makrophagen) beseitigt werden. Das Gleiche passiert auch mit den Blutpl\u00e4ttchen (Thombozyten &#8211; sie spielen bei der Blutgerinnung eine wichtige Rolle). Diesen beschriebenen Prozess der Aussonderung der Blutzellen nennt man \u201eBlutzellmauserung\u201c.<\/p>\n<p style=\"text-align: justify;\">Eine andere Aufgabe der Milz ist die Blutbildung. Diese wird aber etwa ab dem 6.Lebensjahr ins Knochenmarkt verlagert.<\/p>\n<p style=\"text-align: justify;\"><strong>Krankheiten<\/strong><br \/>\nBei unfallbedingten Verletzungen der Milz kann es zu einem grossen, lebensgef\u00e4hrlichen Blutverlust kommen, was eine Entfernung der Milz notwendig machen kann (Splenektomie). Manchmal ist die Milz vergr\u00f6ssert (Splenomegalie), beispielsweise bei Abflussst\u00f6rungen des Blutes, so dass es zu einem R\u00fcckstau kommt. Beim Milzinfarkt stirbt ein Teil des Milzgewebes aufgrund einer Durchblutungsst\u00f6rung ab.<\/p>\n<p style=\"text-align: justify;\"><strong>Untersuchungstechniken<\/strong><br \/>\nDie Milz kann sehr gut mit dem Ultraschallger\u00e4t untersucht werden. Auch die Computertomographie wird zur Darstellung der Milz verwendet.<\/p>\n","protected":false},"excerpt":{"rendered":"<p>Die Milz ist ca. 4x7x11cm gross, also etwa faustgross. Sie liegt im Oberbauch, auf der linken Seite, unterhalb des Zwerchfells, \u00fcber der linken Niere. Von vorne wird sie durch den Magen gr\u00f6sstenteils verdeckt. Befestigt ist die Milz durch die bindegewebigen Str\u00e4nge. Der eine von ihnen verbindet die Milz mit der hinteren Bauchwand, und der andere die Milz mit dem Magen. Das Gewicht der Milz betr\u00e4gt ca. 150-200g. Die Milz ist ein sog. lymphatisches Organ und damit Teil des menschlichen Immunsystems, welches der Abwehr von Krankheiten dient. In der Milz erfolgt das Aufeinandertreffen von Antigenen (das sind sind zum Beispiel Bakterien oder Viren) und Immunzellen. Zus\u00e4tzlich zu dieser Abwehraufgabe sondert die Milz auch noch die alten, nicht mehr funktionsf\u00e4higen Blutzellen (rote Blutk\u00f6rperchen = Erythrozyten , und die Blutpl\u00e4ttchen = Thrombozyten) und beseitigen. Feinbau und Funktion Man unterscheidet in der Milz die \u201eweisse Pulpa\u201c (wo sich die weissen Blutzellen ansiedeln) und die \u201erote Pulpa\u201c (der Raum zwischen den Inseln der weissen Pulpa. Hier fliesst das \u201erote\u201c Blut). In der weissen Pulpa findet die Immunreaktion statt, dort reagiert der K\u00f6rper auf k\u00f6rperfremde Stoffe. Die weisse Pulpa ist in Form von kleinen \u201eKn\u00f6tchen\u201c in der ganzen Milz verteilt, auch um die Milzarterien herum. Dort siedeln sich die Immunabwehrzellen an und werden in Kontakt mit den Antigenen (Bakterien, Viren oder deren Einzelteilen) gebracht, die mit dem Blutstrom in die Milz transportiert werden. Normalerweise betr\u00e4gt der Anteil der weissen Pulpa etwa 1\/5 der gesamten Milz. Bei einer starken Immunreaktion kann dieser Anteil jedoch bis zur H\u00e4lfte ausmachen.. Die Milz wird sehr gut durchblutet. Die Besonderheit besteht darin, dass das Blut nicht nur durch normale Gef\u00e4sse fliesst, wie es in anderen Organen der Fall ist. Die Gef\u00e4ssw\u00e4nde sind n\u00e4mlich nicht durchgehend, sondern \u201edurchl\u00f6chert\u201c (diskontinuierlich). Der Duchmesser dieser L\u00f6cher ist kleiner als der Durchmesser eines roten Blutk\u00f6rperchens. Die jungen roten Blutk\u00f6rperchen sind sehr verformbar und k\u00f6nnen sich durch diese L\u00fccken hindurchzw\u00e4ngen und so in das benachbarte Gewebe gelangen. Bei den alten roten Blutk\u00f6rperchen ist diese Eigenschaft jedoch beeintr\u00e4chtigt und sie bleiben h\u00e4ngen, so dass sie schliesslich von den spezialisierten Fresszellen (Makrophagen) beseitigt werden. Das Gleiche passiert auch mit den Blutpl\u00e4ttchen (Thombozyten &#8211; sie spielen bei der Blutgerinnung eine wichtige Rolle). Diesen beschriebenen Prozess der Aussonderung der Blutzellen nennt man \u201eBlutzellmauserung\u201c. Eine andere Aufgabe der Milz ist die Blutbildung. Diese wird aber etwa ab dem 6.Lebensjahr ins Knochenmarkt verlagert. Krankheiten Bei unfallbedingten Verletzungen der Milz kann es zu einem grossen, lebensgef\u00e4hrlichen Blutverlust kommen, was eine Entfernung der Milz notwendig machen kann (Splenektomie). Manchmal ist die Milz vergr\u00f6ssert (Splenomegalie), beispielsweise bei Abflussst\u00f6rungen des Blutes, so dass es zu einem R\u00fcckstau kommt. Beim Milzinfarkt stirbt ein Teil des Milzgewebes aufgrund einer Durchblutungsst\u00f6rung ab. Untersuchungstechniken Die Milz kann sehr gut mit dem Ultraschallger\u00e4t untersucht werden. Auch die Computertomographie wird zur Darstellung der Milz verwendet.<\/p>\n","protected":false},"author":1,"featured_media":0,"parent":906,"menu_order":0,"comment_status":"closed","ping_status":"closed","template":"","meta":{"footnotes":""},"class_list":["post-931","page","type-page","status-publish","hentry"],"_links":{"self":[{"href":"https:\/\/www.medizin-zentrum-dietikon.ch\/index.php\/wp-json\/wp\/v2\/pages\/931","targetHints":{"allow":["GET"]}}],"collection":[{"href":"https:\/\/www.medizin-zentrum-dietikon.ch\/index.php\/wp-json\/wp\/v2\/pages"}],"about":[{"href":"https:\/\/www.medizin-zentrum-dietikon.ch\/index.php\/wp-json\/wp\/v2\/types\/page"}],"author":[{"embeddable":true,"href":"https:\/\/www.medizin-zentrum-dietikon.ch\/index.php\/wp-json\/wp\/v2\/users\/1"}],"replies":[{"embeddable":true,"href":"https:\/\/www.medizin-zentrum-dietikon.ch\/index.php\/wp-json\/wp\/v2\/comments?post=931"}],"version-history":[{"count":1,"href":"https:\/\/www.medizin-zentrum-dietikon.ch\/index.php\/wp-json\/wp\/v2\/pages\/931\/revisions"}],"predecessor-version":[{"id":933,"href":"https:\/\/www.medizin-zentrum-dietikon.ch\/index.php\/wp-json\/wp\/v2\/pages\/931\/revisions\/933"}],"up":[{"embeddable":true,"href":"https:\/\/www.medizin-zentrum-dietikon.ch\/index.php\/wp-json\/wp\/v2\/pages\/906"}],"wp:attachment":[{"href":"https:\/\/www.medizin-zentrum-dietikon.ch\/index.php\/wp-json\/wp\/v2\/media?parent=931"}],"curies":[{"name":"wp","href":"https:\/\/api.w.org\/{rel}","templated":true}]}}