{"id":892,"date":"2012-06-07T19:45:34","date_gmt":"2012-06-07T19:45:34","guid":{"rendered":"http:\/\/www.arztpraxisloewenzentrum.ch\/index.php\/aktuell-2\/"},"modified":"2021-07-13T08:25:56","modified_gmt":"2021-07-13T08:25:56","slug":"aktuell-2","status":"publish","type":"page","link":"https:\/\/www.medizin-zentrum-dietikon.ch\/index.php\/aktuell-2\/","title":{"rendered":"Aktuell"},"content":{"rendered":"<h2>Coronavirus-Pandemie<\/h2>\n<p style=\"text-align: justify;\"><span style=\"color: #000000;\"><strong>Die Praxis ist normal ge\u00f6ffnet, aber wir haben Massnahmen getroffen, um PatientInnen und Personal zu sch\u00fctzen<\/strong>. In der Praxis gilt f\u00fcr Personal als auch PatientInnen <strong>Maskenpflicht<\/strong>. PatientInnen mit Grippesymptomen warten in einem separaten Zimmer und werden auch dort untersucht. Gl\u00fccklicherweise ist nun eine Impfung gegen das Coronavirus m\u00f6glich, der Impfstoff ist aber leider knapp.\u00a0<\/span><\/p>\n<p style=\"text-align: justify;\"><strong><span style=\"text-decoration: underline;\"><span style=\"color: #ff0000; text-decoration: underline;\"><a href=\"https:\/\/www.bag.admin.ch\/bag\/de\/home\/krankheiten\/ausbrueche-epidemien-pandemien\/aktuelle-ausbrueche-epidemien\/novel-cov.html\" target=\"_blank\" rel=\"noopener noreferrer\">Hier erhalten Sie aktuelle Informationen \u00fcber das Coronavirus.<\/a><\/span><\/span><\/strong><\/p>\n<h2>Coronavirus-Impfung<\/h2>\n<p><span style=\"color: #000000;\">Leider haben wir in der Arztpraxis L\u00f6wenzentrum zur Zeit keinen Impfstoff mehr und damit auch keine Impftermine zu vergeben. Bitte rufen Sie nicht an. Die Mitarbeiterinnen am Telefon k\u00f6nnen Ihnen im Moment keine weiteren Informationen geben.<\/span><\/p>\n<p><span style=\"color: #000000;\">Bitte registrieren Sie sich \u00fcber das COVID-19 Portal des Kantons Z\u00fcrich <a href=\"https:\/\/zh.vacme.ch\/start\" target=\"_blank\" rel=\"noopener\">https:\/\/zh.vacme.ch\/start<\/a> und versuchen Sie dort einen Impftermin zu erhalten.<\/span><\/p>\n<p><span style=\"color: #000000;\">Weitere Informationen<\/span><br \/>\n<a href=\"https:\/\/medix-gruppenpraxis.ch\/media\/information_zum_corona-impfstoff.pdf\" target=\"_blank\" rel=\"noopener\">Allgemeine Informationen zum Corona-Impfstoff<\/a><br \/>\n<a href=\"https:\/\/www.zh.ch\/de\/gesundheit\/coronavirus\/coronavirus-impfung.html\" target=\"_blank\" rel=\"noopener\">Informationen zur Impfstrategie vom Kanton Z\u00fcrich<\/a><\/p>\n<h2>LimmiMed<\/h2>\n<p style=\"text-align: justify;\">Die Arztpraxis L\u00f6wenzentrum ist seit 1.1.2009 Mitglied beim Aerztenetzwerk LimmiMed. Dadurch haben Sie die M\u00f6glichkeit von einem Pr\u00e4mienrabatt von bis zu 20% in der Grundversicherung sowie besonderen Konditionen in der Zusatzversicherung zu profitieren. Eine Liste der beteiligten Kassen finden Sie unter www.limmimed.ch. Bevor Sie sich f\u00fcr dieses Modell entscheiden, lassen Sie sich von uns beraten \u00fcber Vor- und Nachteile dieses Modells und f\u00fcr wen es geeignet und f\u00fcr wen es weniger geeignet ist.<\/p>\n","protected":false},"excerpt":{"rendered":"<p>Coronavirus-Pandemie Die Praxis ist normal ge\u00f6ffnet, aber wir haben Massnahmen getroffen, um PatientInnen und Personal zu sch\u00fctzen. In der Praxis gilt f\u00fcr Personal als auch PatientInnen Maskenpflicht. PatientInnen mit Grippesymptomen warten in einem separaten Zimmer und werden auch dort untersucht. Gl\u00fccklicherweise ist nun eine Impfung gegen das Coronavirus m\u00f6glich, der Impfstoff ist aber leider knapp.\u00a0 Hier erhalten Sie aktuelle Informationen \u00fcber das Coronavirus. Coronavirus-Impfung Leider haben wir in der Arztpraxis L\u00f6wenzentrum zur Zeit keinen Impfstoff mehr und damit auch keine Impftermine zu vergeben. Bitte rufen Sie nicht an. Die Mitarbeiterinnen am Telefon k\u00f6nnen Ihnen im Moment keine weiteren Informationen geben. Bitte registrieren Sie sich \u00fcber das COVID-19 Portal des Kantons Z\u00fcrich https:\/\/zh.vacme.ch\/start und versuchen Sie dort einen Impftermin zu erhalten. Weitere Informationen Allgemeine Informationen zum Corona-Impfstoff Informationen zur Impfstrategie vom Kanton Z\u00fcrich LimmiMed Die Arztpraxis L\u00f6wenzentrum ist seit 1.1.2009 Mitglied beim Aerztenetzwerk LimmiMed. Dadurch haben Sie die M\u00f6glichkeit von einem Pr\u00e4mienrabatt von bis zu 20% in der Grundversicherung sowie besonderen Konditionen in der Zusatzversicherung zu profitieren. Eine Liste der beteiligten Kassen finden Sie unter www.limmimed.ch. Bevor Sie sich f\u00fcr dieses Modell entscheiden, lassen Sie sich von uns beraten \u00fcber Vor- und Nachteile dieses Modells und f\u00fcr wen es geeignet und f\u00fcr wen es weniger geeignet ist.<\/p>\n","protected":false},"author":1,"featured_media":0,"parent":0,"menu_order":0,"comment_status":"closed","ping_status":"closed","template":"","meta":{"footnotes":""},"class_list":["post-892","page","type-page","status-publish","hentry"],"_links":{"self":[{"href":"https:\/\/www.medizin-zentrum-dietikon.ch\/index.php\/wp-json\/wp\/v2\/pages\/892","targetHints":{"allow":["GET"]}}],"collection":[{"href":"https:\/\/www.medizin-zentrum-dietikon.ch\/index.php\/wp-json\/wp\/v2\/pages"}],"about":[{"href":"https:\/\/www.medizin-zentrum-dietikon.ch\/index.php\/wp-json\/wp\/v2\/types\/page"}],"author":[{"embeddable":true,"href":"https:\/\/www.medizin-zentrum-dietikon.ch\/index.php\/wp-json\/wp\/v2\/users\/1"}],"replies":[{"embeddable":true,"href":"https:\/\/www.medizin-zentrum-dietikon.ch\/index.php\/wp-json\/wp\/v2\/comments?post=892"}],"version-history":[{"count":13,"href":"https:\/\/www.medizin-zentrum-dietikon.ch\/index.php\/wp-json\/wp\/v2\/pages\/892\/revisions"}],"predecessor-version":[{"id":1888,"href":"https:\/\/www.medizin-zentrum-dietikon.ch\/index.php\/wp-json\/wp\/v2\/pages\/892\/revisions\/1888"}],"wp:attachment":[{"href":"https:\/\/www.medizin-zentrum-dietikon.ch\/index.php\/wp-json\/wp\/v2\/media?parent=892"}],"curies":[{"name":"wp","href":"https:\/\/api.w.org\/{rel}","templated":true}]}}