{"id":862,"date":"2015-02-05T15:56:49","date_gmt":"2015-02-05T15:56:49","guid":{"rendered":"http:\/\/www.arztpraxisloewenzentrum.ch\/index.php\/adresses\/"},"modified":"2015-06-15T20:22:19","modified_gmt":"2015-06-15T20:22:19","slug":"adresses","status":"publish","type":"page","link":"https:\/\/www.medizin-zentrum-dietikon.ch\/index.php\/adresses\/","title":{"rendered":"Addresses"},"content":{"rendered":"<h3>Hospitals<\/h3>\n<ul>\n<li><a href=\"http:\/\/www.spital-limmattal.ch\" target=\"_blank\">Spital Limmattal<\/a>, Urdorferstrasse, 8902 Schlieren, Telefon 044 733 11 11<\/li>\n<li><a href=\"http:\/\/www.stadt-zuerich.ch\/triemli\/de\/index.html\" target=\"_blank\">Stadtspital Triemli<\/a>, Birmensdorferstrasse 497, 8063 Z\u00fcrich, Telefon 044 466 11 11<\/li>\n<li><a href=\"http:\/\/www.stadt-zuerich.ch\/waid\/de\/index.html\" target=\"_blank\">Waidspital<\/a>, Tiechestrasse 99, 8037 Z\u00fcrich, Telefon 044 366 22 11<\/li>\n<li><a href=\"http:\/\/www.usz.ch\/Seiten\/default.aspx\" target=\"_blank\">Universit\u00e4tsspital Z\u00fcrich<\/a>, R\u00e4mistrasse 100, 8091 Z\u00fcrich, Telefon 044 255 11 11<\/li>\n<li><a href=\"http:\/\/www.kispi.uzh.ch\/index.html\" target=\"_blank\">Kinderspital Z\u00fcrich<\/a>, Steinwiesstrasse 75, 8032 Z\u00fcrich, 044 266 71 11<\/li>\n<li><a href=\"http:\/\/www.kantonsspitalbaden.ch\/baden_d\/index.php\" target=\"_blank\">Kantonsspital Baden<\/a>, Im Ergel 1, 5404 Baden, Telefon 056 486 21 11<\/li>\n<\/ul>\n<p>&nbsp;<\/p>\n<h3>Pharmacies<\/h3>\n<ul>\n<li>City-Apotheke, L\u00f6wenstrasse 21, 8953 Dietikon, 044 746 39 39<\/li>\n<li>L\u00f6wen-Apotheke, Zentralstrasse 17, 8953 Dietikon,044 746 39 50<\/li>\n<li>Lilien-Apotheke, Badenerstrasse 15, 8953 Dietikon, 044 740 11 80<\/li>\n<li>Apotheke Lilie Zentrum, Uitikonerstrasse 9, 8952 Schlieren, 044 730 59 89<\/li>\n<\/ul>\n<p>&nbsp;<\/p>\n<h3>Physiotherapy<\/h3>\n<ul>\n<li>Physiotherapie Armin Reiss, Im D\u00f6rfli 77, 8953 Dietikon, 044 362 54 03, <a href=\"http:\/\/www.physiotherapie-reiss.ch\/\" target=\"_blank\">www.physiotherapie-reiss.ch<\/a><\/li>\n<li>Physiotherapie im Zentrum, Kirchstrasse 5a,8953 Dietikon, 044 741 30 31<\/li>\n<li>Rodel S. und U., Physiotherapie u. med. Massagen, Florastrasse 18, 8953 Dietikon, 044 740 20 87<\/li>\n<li>Physiotherapie am Bahnhof, Bahnhofstrasse 5,8953 Dietikon,044 744 50 20<\/li>\n<li>Andjelkovic Ivana, Ruggackerstrasse 2,8953 Dietikon,044 746 93 93<\/li>\n<li>Hondema, Huebwiesenstrasse 1,8954 Geroldswil,044 748 03 44, <a href=\"http:\/\/www.physiohondema.ch\">www.physiohondema.ch<\/a><\/li>\n<li>Spital Limmattal, Physiotherapie,,Urdorferstrasse 100, 8952 Schlieren, 044 733 23 2<\/li>\n<li>Physiotherapie im Limmatpark, Winiger Bernhard und M\u00fcller Doris, Pfadackerstrasse 6, 8957 Spreitenbach, 056 401 66 77<\/li>\n<li>Physiotherapiepraxis Im Dorf, Kirchstrasse 12, 8957 Spreitenbach,. 056 401 45 15<\/li>\n<li>Adrian Meier, Physiotherapie, Boostockstrasse 28, 8957 Spreitenbach, 056 410 15 85<\/li>\n<li>Arjan Heijsteeg, Physiotherapie, Poststrasse 77, 8957 Spreitenbach,056 402 00 03<\/li>\n<li>Physiotherapie Praxis Fopma,Fopke Andre, Kirchstr. 12, 8957 Spreitenbach, 056 401 45 15<\/li>\n<li>Christina Kagerbauer, Physiotherapie, Steinackerstrasse 63, 8902 Urdorf, 044 734 21 28<\/li>\n<li>Nicole St\u00fcben, Physiotherapie, Bahnhofstrasse 14, 8902 Urdorf, 044 734 54 45<\/li>\n<li>PhysioFit GmbH, Physiotherapie, Schulstrasse 33, 8902 Urdorf, 044 734 13 13<\/li>\n<\/ul>\n","protected":false},"excerpt":{"rendered":"<p>Hospitals Spital Limmattal, Urdorferstrasse, 8902 Schlieren, Telefon 044 733 11 11 Stadtspital Triemli, Birmensdorferstrasse 497, 8063 Z\u00fcrich, Telefon 044 466 11 11 Waidspital, Tiechestrasse 99, 8037 Z\u00fcrich, Telefon 044 366 22 11 Universit\u00e4tsspital Z\u00fcrich, R\u00e4mistrasse 100, 8091 Z\u00fcrich, Telefon 044 255 11 11 Kinderspital Z\u00fcrich, Steinwiesstrasse 75, 8032 Z\u00fcrich, 044 266 71 11 Kantonsspital Baden, Im Ergel 1, 5404 Baden, Telefon 056 486 21 11 &nbsp; Pharmacies City-Apotheke, L\u00f6wenstrasse 21, 8953 Dietikon, 044 746 39 39 L\u00f6wen-Apotheke, Zentralstrasse 17, 8953 Dietikon,044 746 39 50 Lilien-Apotheke, Badenerstrasse 15, 8953 Dietikon, 044 740 11 80 Apotheke Lilie Zentrum, Uitikonerstrasse 9, 8952 Schlieren, 044 730 59 89 &nbsp; Physiotherapy Physiotherapie Armin Reiss, Im D\u00f6rfli 77, 8953 Dietikon, 044 362 54 03, www.physiotherapie-reiss.ch Physiotherapie im Zentrum, Kirchstrasse 5a,8953 Dietikon, 044 741 30 31 Rodel S. und U., Physiotherapie u. med. Massagen, Florastrasse 18, 8953 Dietikon, 044 740 20 87 Physiotherapie am Bahnhof, Bahnhofstrasse 5,8953 Dietikon,044 744 50 20 Andjelkovic Ivana, Ruggackerstrasse 2,8953 Dietikon,044 746 93 93 Hondema, Huebwiesenstrasse 1,8954 Geroldswil,044 748 03 44, www.physiohondema.ch Spital Limmattal, Physiotherapie,,Urdorferstrasse 100, 8952 Schlieren, 044 733 23 2 Physiotherapie im Limmatpark, Winiger Bernhard und M\u00fcller Doris, Pfadackerstrasse 6, 8957 Spreitenbach, 056 401 66 77 Physiotherapiepraxis Im Dorf, Kirchstrasse 12, 8957 Spreitenbach,. 056 401 45 15 Adrian Meier, Physiotherapie, Boostockstrasse 28, 8957 Spreitenbach, 056 410 15 85 Arjan Heijsteeg, Physiotherapie, Poststrasse 77, 8957 Spreitenbach,056 402 00 03 Physiotherapie Praxis Fopma,Fopke Andre, Kirchstr. 12, 8957 Spreitenbach, 056 401 45 15 Christina Kagerbauer, Physiotherapie, Steinackerstrasse 63, 8902 Urdorf, 044 734 21 28 Nicole St\u00fcben, Physiotherapie, Bahnhofstrasse 14, 8902 Urdorf, 044 734 54 45 PhysioFit GmbH, Physiotherapie, Schulstrasse 33, 8902 Urdorf, 044 734 13 13<\/p>\n","protected":false},"author":1,"featured_media":0,"parent":0,"menu_order":0,"comment_status":"closed","ping_status":"closed","template":"","meta":{"footnotes":""},"class_list":["post-862","page","type-page","status-publish","hentry"],"_links":{"self":[{"href":"https:\/\/www.medizin-zentrum-dietikon.ch\/index.php\/wp-json\/wp\/v2\/pages\/862","targetHints":{"allow":["GET"]}}],"collection":[{"href":"https:\/\/www.medizin-zentrum-dietikon.ch\/index.php\/wp-json\/wp\/v2\/pages"}],"about":[{"href":"https:\/\/www.medizin-zentrum-dietikon.ch\/index.php\/wp-json\/wp\/v2\/types\/page"}],"author":[{"embeddable":true,"href":"https:\/\/www.medizin-zentrum-dietikon.ch\/index.php\/wp-json\/wp\/v2\/users\/1"}],"replies":[{"embeddable":true,"href":"https:\/\/www.medizin-zentrum-dietikon.ch\/index.php\/wp-json\/wp\/v2\/comments?post=862"}],"version-history":[{"count":2,"href":"https:\/\/www.medizin-zentrum-dietikon.ch\/index.php\/wp-json\/wp\/v2\/pages\/862\/revisions"}],"predecessor-version":[{"id":1055,"href":"https:\/\/www.medizin-zentrum-dietikon.ch\/index.php\/wp-json\/wp\/v2\/pages\/862\/revisions\/1055"}],"wp:attachment":[{"href":"https:\/\/www.medizin-zentrum-dietikon.ch\/index.php\/wp-json\/wp\/v2\/media?parent=862"}],"curies":[{"name":"wp","href":"https:\/\/api.w.org\/{rel}","templated":true}]}}