{"id":75,"date":"2012-06-07T19:45:34","date_gmt":"2012-06-07T19:45:34","guid":{"rendered":"http:\/\/arztpraxisloewenzentrum.ch\/wordpress\/?page_id=75"},"modified":"2026-02-02T13:13:29","modified_gmt":"2026-02-02T13:13:29","slug":"aktuell-2-2-2","status":"publish","type":"page","link":"https:\/\/www.medizin-zentrum-dietikon.ch\/index.php\/aktuell-2-2-2\/","title":{"rendered":"Aktuell"},"content":{"rendered":"<h2>Pract. med. Lara Baudler, Spital\u00e4rztin<\/h2>\n<p id=\"doc-1imkll1an1\" class=\"font--regular\" style=\"text-align: justify;\">Nach vier Monaten hat uns Dr. Gashi wieder verlassen, um seine Arbeit im Spital Limmattal wieder aufzunehmen. Wir werden ihn vermissen. Ihn ersetzt nun bis Ende Juli Frau Lara Baudler. Mit ihrer Hilfe k\u00f6nnen wir weiterhin genug Sprechstundentermine anbieten v.a. in dringenden oder komplizierten F\u00e4llen, die besonders viel Zeit in Anspruch nehmen. Wir freuen auf die Zusammenarbeit mit ihr.<\/p>\n<h2>Physiotherapie in der Praxis<\/h2>\n<p style=\"text-align: justify;\"><b><a href=\"http:\/\/www.physiotopia.ch\" target=\"_blank\" rel=\"noopener\">Physiotopia <\/a><\/b>bietet in unserer Praxis physiotherapeutische Behandlungen an. Termine k\u00f6nnen sie nach der Sprechstunde vor Ort vereinbaren.<\/p>\n<h2>Impfung gegen FSME<\/h2>\n<p style=\"text-align: justify;\"><span style=\"color: #000000;\"><strong>FSME<\/strong> <strong>(Fr\u00fchsommermeningoencephalitis):<\/strong> Die ganze Schweiz mit Ausnahme der Kantone Genf und Tessin gilt als FSME-Risikogebiet. Rund 0,5-5% der Zecken in Naturherden tragen das FSME-Virus in sich. Bei der Mehrheit der von einer FSME-infizierten Zecke gestochenen Personen verl\u00e4uft die Infektion unbemerkt, nur eine Minderheit erkrankt. Bei diesen Personen kommt es nach dem Stich mit einer infizierten Zecke nach einigen Tagen bis wenigen Wochen (2\u201328 Tage) zu grippe\u00e4hnlichen Symptomen: Fieber sowie Kopf- und Gliederschmerzen. Bei den meisten Betroffenen ist damit die Erkrankung nach einigen Tagen beendet. Sie sind anschliessend wahrscheinlich lebenslang gegen diese Krankheit immun. <strong>Bei 5\u201315% der erkrankten Personen kann es nach weiteren 4\u20136 Tagen zu einer Hirnhautentz\u00fcndung (Meningitis) kommen, die auch auf das Gehirn \u00fcbergreifen kann (Meningoenzephalitis).<\/strong> Die damit einhergehenden Symptome sind <strong>Nackensteifigkeit, Bewusstseinstr\u00fcbung und L\u00e4hmungen. Restbeschwerden wie M\u00fcdigkeit, Konzentrationsschw\u00e4che, Ged\u00e4chtnisprobleme, Kopfschmerzen, Schlafst\u00f6rungen und Schwindel<\/strong> k\u00f6nnen \u00fcber Wochen bis Monate andauern, bilden sich jedoch in den meisten F\u00e4llen wieder zur\u00fcck. Bei schweren Verlaufsformen k\u00f6nnen Restsch\u00e4den bleiben. <strong>Bei 1% der Erkrankten mit neurologischen Symptomen verl\u00e4uft die Erkrankung t\u00f6dlich<\/strong> (vor allem \u00e4ltere Patienten). In der Regel erkranken Kleinkinder seltener und weniger schwer als \u00e4ltere Personen.<\/span><\/p>\n<p style=\"text-align: justify;\"><span style=\"color: #000000;\"><strong>Die FSME tritt, wie der Name sagt, geh\u00e4uft im Fr\u00fchsommer auf<\/strong>. Die Zecken ben\u00f6tigen W\u00e4rme und Feuchtigkeit, um aktiv zu werden. FSME kann aber bis \u00fcber den Sommer hinaus auftreten. Daraus ergibt sich der<strong> ideale Zeitpunkt f\u00fcr die Impfung, n\u00e4mlich der Winter<\/strong>. Selbstverst\u00e4ndlich kann man sich auch w\u00e4hrend anderer Jahreszeiten impfen lassen. Die vollst\u00e4ndige Grundimmunisierung erfordert drei Injektionen. Ein zeitlich begrenzter Schutz besteht schon nach zwei Injektionen. Diese ersten beiden Impfungen werden in der Regel im Abstand von einem Monat verabreicht. Die dritte Impfung, die einen Langzeitschutz von mindestens 10 Jahren gew\u00e4hrt, erfolgt je nach Impfstoff 5 bis 12 Monate nach der zweiten Dosis. Sie verleiht einen kompletten Impfschutz f\u00fcr mindestens zehn Jahre mit einer Wahrscheinlichkeit von \u226595%. Auffrischimpfungen sind alle 10 Jahre empfohlen bei weiterhin bestehendem Risiko.<\/span><\/p>\n<p style=\"text-align: justify;\"><span style=\"color: #000000;\"><b>Mehr Informationen \u00fcber durch Zecken verursachte Erkrankungen finden Sie <a href=\"https:\/\/www.medizin-zentrum-dietikon.ch\/index.php\/durch-zecken-ubertragbare-erkrankungen\/\">hier<\/a>. <\/b><\/span><\/p>\n<p style=\"text-align: justify;\"><a href=\"https:\/\/www.medizin-zentrum-dietikon.ch\/index.php\/terminanfrage-3\/\"><strong><span style=\"color: #ff0000;\">Vereinbaren Sie jetzt einen Termin f\u00fcr die FSME-Impfung.<\/span><\/strong><\/a><\/p>\n<h2>Impfung gegen G\u00fcrtelrose<\/h2>\n<p style=\"text-align: justify;\"><span style=\"color: #000000;\"><strong>G\u00fcrtelrose<\/strong>\u00a0(oder\u00a0<strong>Herpes zoster<\/strong>) ist die Folge der Reaktivierung des Varizella-Zoster-Virus (VZV). Jeder, der Windpocken hatte, kann eine G\u00fcrtelrose bekommen. Etwa jeder Vierte leidet im Laufe seines Lebens mindestens einmal an einer G\u00fcrtelrose.<\/span><\/p>\n<p style=\"text-align: justify;\"><span style=\"color: #000000;\"><strong>Die Reaktivierung des Virus tritt v.a. bei \u00e4lteren Personen oder bei \u00e4lteren Personen mit einer Schw\u00e4chung des Immunsystems auf.<\/strong> Die Schwere der G\u00fcrtelrose und ihrer Komplikationen nimmt bei \u00fcber 50-J\u00e4hrigen ebenfalls zu.<\/span><\/p>\n<p style=\"text-align: justify;\"><span style=\"color: #000000;\">G\u00fcrtelrose \u00e4ussert sich durch einen <strong>schmerzhaften Hautausschlag<\/strong>, der nach einigen Tagen austrocknet und einen Schorf bildet, der schliesslich abf\u00e4llt. Der Ausschlag wird von starkem Brennen und\/oder Schmerzen begleitet.<\/span><\/p>\n<p style=\"text-align: justify;\"><span style=\"color: #000000;\">Eine akute G\u00fcrtelrose kann <strong>schwerwiegende Komplikationen<\/strong> verursachen, insbesondere bei <strong>Augeninfektionen<\/strong>. Ohne Behandlung besteht hier das <strong>Risiko der Erblindung<\/strong>. Ausserdem k\u00f6nnen Wochen oder Monate nach einer G\u00fcrtelrose <strong>chronische Schmerzen<\/strong> auftreten. Bei 20% der \u00fcber 65-j\u00e4hrigen Patientinnen und Patienten dauert dieser Zustand mehr als drei Monate an (Post-Zoster-Neuralgien). In der Schweiz stehen mehr als 20&#8217;000 Konsultationen pro Jahr mit G\u00fcrtelrose im Zusammenhang, die H\u00e4lfte davon betrifft Personen \u00fcber 65 Jahre.<\/span><\/p>\n<p style=\"text-align: justify;\"><strong><span style=\"color: #000000;\">Gegen die G\u00fcrtelrose gibt nun eine gut vertr\u00e4gliche Schutzimpfung<\/span><\/strong><\/p>\n<p style=\"text-align: justify;\"><a href=\"https:\/\/www.bag.admin.ch\/bag\/de\/home\/krankheiten\/krankheiten-im-ueberblick\/windpocken.html#-1259201142\" target=\"_blank\" rel=\"noopener\"><strong><span style=\"text-decoration: underline;\"><span style=\"color: #ff0000; text-decoration: underline;\">Hier erhalten Sie aktuelle Informationen \u00fcber die Impfung gegen die G\u00fcrtelrose.<\/span><\/span><\/strong><\/a><\/p>\n<h2 style=\"text-align: justify;\">LimmiMed<\/h2>\n<p style=\"text-align: justify;\"><span style=\"color: #000000;\">Sowohl Dr. Gasser als auch Dr. Kara sind langj\u00e4hrige Mitglieder beim Aerztenetzwerk medix LimmiMed. Dadurch haben Sie die M\u00f6glichkeit von einem deutlichen Pr\u00e4mienrabatt in der Grundversicherung sowie besonderen Konditionen in der Zusatzversicherung zu profitieren. Eine Liste der beteiligten Kassen finden Sie unter www.limmimed.ch. Bevor Sie sich f\u00fcr dieses Modell entscheiden, lassen Sie sich von uns beraten \u00fcber Vor- und Nachteile dieses Modells und f\u00fcr wen es geeignet und f\u00fcr wen es weniger geeignet ist.<\/span><\/p>\n","protected":false},"excerpt":{"rendered":"<p>Pract. med. Lara Baudler, Spital\u00e4rztin Nach vier Monaten hat uns Dr. Gashi wieder verlassen, um seine Arbeit im Spital Limmattal wieder aufzunehmen. Wir werden ihn vermissen. Ihn ersetzt nun bis Ende Juli Frau Lara Baudler. Mit ihrer Hilfe k\u00f6nnen wir weiterhin genug Sprechstundentermine anbieten v.a. in dringenden oder komplizierten F\u00e4llen, die besonders viel Zeit in Anspruch nehmen. Wir freuen auf die Zusammenarbeit mit ihr. Physiotherapie in der Praxis Physiotopia bietet in unserer Praxis physiotherapeutische Behandlungen an. Termine k\u00f6nnen sie nach der Sprechstunde vor Ort vereinbaren. Impfung gegen FSME FSME (Fr\u00fchsommermeningoencephalitis): Die ganze Schweiz mit Ausnahme der Kantone Genf und Tessin gilt als FSME-Risikogebiet. Rund 0,5-5% der Zecken in Naturherden tragen das FSME-Virus in sich. Bei der Mehrheit der von einer FSME-infizierten Zecke gestochenen Personen verl\u00e4uft die Infektion unbemerkt, nur eine Minderheit erkrankt. Bei diesen Personen kommt es nach dem Stich mit einer infizierten Zecke nach einigen Tagen bis wenigen Wochen (2\u201328 Tage) zu grippe\u00e4hnlichen Symptomen: Fieber sowie Kopf- und Gliederschmerzen. Bei den meisten Betroffenen ist damit die Erkrankung nach einigen Tagen beendet. Sie sind anschliessend wahrscheinlich lebenslang gegen diese Krankheit immun. Bei 5\u201315% der erkrankten Personen kann es nach weiteren 4\u20136 Tagen zu einer Hirnhautentz\u00fcndung (Meningitis) kommen, die auch auf das Gehirn \u00fcbergreifen kann (Meningoenzephalitis). Die damit einhergehenden Symptome sind Nackensteifigkeit, Bewusstseinstr\u00fcbung und L\u00e4hmungen. Restbeschwerden wie M\u00fcdigkeit, Konzentrationsschw\u00e4che, Ged\u00e4chtnisprobleme, Kopfschmerzen, Schlafst\u00f6rungen und Schwindel k\u00f6nnen \u00fcber Wochen bis Monate andauern, bilden sich jedoch in den meisten F\u00e4llen wieder zur\u00fcck. Bei schweren Verlaufsformen k\u00f6nnen Restsch\u00e4den bleiben. Bei 1% der Erkrankten mit neurologischen Symptomen verl\u00e4uft die Erkrankung t\u00f6dlich (vor allem \u00e4ltere Patienten). In der Regel erkranken Kleinkinder seltener und weniger schwer als \u00e4ltere Personen. Die FSME tritt, wie der Name sagt, geh\u00e4uft im Fr\u00fchsommer auf. Die Zecken ben\u00f6tigen W\u00e4rme und Feuchtigkeit, um aktiv zu werden. FSME kann aber bis \u00fcber den Sommer hinaus auftreten. Daraus ergibt sich der ideale Zeitpunkt f\u00fcr die Impfung, n\u00e4mlich der Winter. Selbstverst\u00e4ndlich kann man sich auch w\u00e4hrend anderer Jahreszeiten impfen lassen. Die vollst\u00e4ndige Grundimmunisierung erfordert drei Injektionen. Ein zeitlich begrenzter Schutz besteht schon nach zwei Injektionen. Diese ersten beiden Impfungen werden in der Regel im Abstand von einem Monat verabreicht. Die dritte Impfung, die einen Langzeitschutz von mindestens 10 Jahren gew\u00e4hrt, erfolgt je nach Impfstoff 5 bis 12 Monate nach der zweiten Dosis. Sie verleiht einen kompletten Impfschutz f\u00fcr mindestens zehn Jahre mit einer Wahrscheinlichkeit von \u226595%. Auffrischimpfungen sind alle 10 Jahre empfohlen bei weiterhin bestehendem Risiko. Mehr Informationen \u00fcber durch Zecken verursachte Erkrankungen finden Sie hier. Vereinbaren Sie jetzt einen Termin f\u00fcr die FSME-Impfung. Impfung gegen G\u00fcrtelrose G\u00fcrtelrose\u00a0(oder\u00a0Herpes zoster) ist die Folge der Reaktivierung des Varizella-Zoster-Virus (VZV). Jeder, der Windpocken hatte, kann eine G\u00fcrtelrose bekommen. Etwa jeder Vierte leidet im Laufe seines Lebens mindestens einmal an einer G\u00fcrtelrose. Die Reaktivierung des Virus tritt v.a. bei \u00e4lteren Personen oder bei \u00e4lteren Personen mit einer Schw\u00e4chung des Immunsystems auf. Die Schwere der G\u00fcrtelrose und ihrer Komplikationen nimmt bei \u00fcber 50-J\u00e4hrigen ebenfalls zu. G\u00fcrtelrose \u00e4ussert sich durch einen schmerzhaften Hautausschlag, der nach einigen Tagen austrocknet und einen Schorf bildet, der schliesslich abf\u00e4llt. Der Ausschlag wird von starkem Brennen und\/oder Schmerzen begleitet. Eine akute G\u00fcrtelrose kann schwerwiegende Komplikationen verursachen, insbesondere bei Augeninfektionen. Ohne Behandlung besteht hier das Risiko der Erblindung. Ausserdem k\u00f6nnen Wochen oder Monate nach einer G\u00fcrtelrose chronische Schmerzen auftreten. Bei 20% der \u00fcber 65-j\u00e4hrigen Patientinnen und Patienten dauert dieser Zustand mehr als drei Monate an (Post-Zoster-Neuralgien). In der Schweiz stehen mehr als 20&#8217;000 Konsultationen pro Jahr mit G\u00fcrtelrose im Zusammenhang, die H\u00e4lfte davon betrifft Personen \u00fcber 65 Jahre. Gegen die G\u00fcrtelrose gibt nun eine gut vertr\u00e4gliche Schutzimpfung Hier erhalten Sie aktuelle Informationen \u00fcber die Impfung gegen die G\u00fcrtelrose. LimmiMed Sowohl Dr. Gasser als auch Dr. Kara sind langj\u00e4hrige Mitglieder beim Aerztenetzwerk medix LimmiMed. Dadurch haben Sie die M\u00f6glichkeit von einem deutlichen Pr\u00e4mienrabatt in der Grundversicherung sowie besonderen Konditionen in der Zusatzversicherung zu profitieren. Eine Liste der beteiligten Kassen finden Sie unter www.limmimed.ch. Bevor Sie sich f\u00fcr dieses Modell entscheiden, lassen Sie sich von uns beraten \u00fcber Vor- und Nachteile dieses Modells und f\u00fcr wen es geeignet und f\u00fcr wen es weniger geeignet ist.<\/p>\n","protected":false},"author":1,"featured_media":2276,"parent":0,"menu_order":0,"comment_status":"closed","ping_status":"closed","template":"","meta":{"footnotes":""},"class_list":["post-75","page","type-page","status-publish","has-post-thumbnail","hentry"],"_links":{"self":[{"href":"https:\/\/www.medizin-zentrum-dietikon.ch\/index.php\/wp-json\/wp\/v2\/pages\/75","targetHints":{"allow":["GET"]}}],"collection":[{"href":"https:\/\/www.medizin-zentrum-dietikon.ch\/index.php\/wp-json\/wp\/v2\/pages"}],"about":[{"href":"https:\/\/www.medizin-zentrum-dietikon.ch\/index.php\/wp-json\/wp\/v2\/types\/page"}],"author":[{"embeddable":true,"href":"https:\/\/www.medizin-zentrum-dietikon.ch\/index.php\/wp-json\/wp\/v2\/users\/1"}],"replies":[{"embeddable":true,"href":"https:\/\/www.medizin-zentrum-dietikon.ch\/index.php\/wp-json\/wp\/v2\/comments?post=75"}],"version-history":[{"count":82,"href":"https:\/\/www.medizin-zentrum-dietikon.ch\/index.php\/wp-json\/wp\/v2\/pages\/75\/revisions"}],"predecessor-version":[{"id":2511,"href":"https:\/\/www.medizin-zentrum-dietikon.ch\/index.php\/wp-json\/wp\/v2\/pages\/75\/revisions\/2511"}],"wp:featuredmedia":[{"embeddable":true,"href":"https:\/\/www.medizin-zentrum-dietikon.ch\/index.php\/wp-json\/wp\/v2\/media\/2276"}],"wp:attachment":[{"href":"https:\/\/www.medizin-zentrum-dietikon.ch\/index.php\/wp-json\/wp\/v2\/media?parent=75"}],"curies":[{"name":"wp","href":"https:\/\/api.w.org\/{rel}","templated":true}]}}