{"id":598,"date":"2013-04-20T12:03:12","date_gmt":"2013-04-20T12:03:12","guid":{"rendered":"http:\/\/www.arztpraxisloewenzentrum.ch\/?page_id=598"},"modified":"2024-01-03T17:52:02","modified_gmt":"2024-01-03T17:52:02","slug":"site-map-2","status":"publish","type":"page","link":"https:\/\/www.medizin-zentrum-dietikon.ch\/index.php\/site-map-2\/","title":{"rendered":"Sitemap"},"content":{"rendered":"<p><a href=\"http:\/\/www.arztpraxisloewenzentrum.ch\/\">Hauptseite<\/a><\/p>\n<p>\u00dcber die Praxis<br \/>\n&#8211; <a title=\"Medizinisches Angebot\" href=\"http:\/\/www.arztpraxisloewenzentrum.ch\/index.php\/medizinisches-angebot\/\">Angebot<\/a><br \/>\n&#8211; <a title=\"Lage\" href=\"http:\/\/www.arztpraxisloewenzentrum.ch\/index.php\/lage\/\">Lage<\/a><br \/>\n&#8211; <a title=\"Aktuell\" href=\"http:\/\/www.arztpraxisloewenzentrum.ch\/index.php\/aktuell\/\">Aktuell<\/a><br \/>\n&#8211; <a title=\"Disclaimer\" href=\"http:\/\/www.arztpraxisloewenzentrum.ch\/index.php\/disclaimer\/\">Disclaimer<\/a><\/p>\n<p><a title=\"Patienteninformation\" href=\"http:\/\/www.arztpraxisloewenzentrum.ch\/index.php\/patienteninformation\/\">Patientenintofmrationen<\/a><br \/>\n&#8211; <a title=\"Der menschliche K\u00f6rper\" href=\"http:\/\/www.arztpraxisloewenzentrum.ch\/index.php\/der-menschliche-korper\/\">Der menschliche K\u00f6rper<\/a><br \/>\n&#8211; Der menschliche K\u00f6rper &#8211; <a title=\"Schilddr\u00fcse\" href=\"http:\/\/www.arztpraxisloewenzentrum.ch\/index.php\/der-menschliche-korper\/schilddruse\/\">Schilddr\u00fcse<\/a><br \/>\n&#8211; Der menschliche K\u00f6rper &#8211; <a title=\"Lunge\" href=\"http:\/\/www.arztpraxisloewenzentrum.ch\/index.php\/der-menschliche-korper\/lunge\/\">Lunge<\/a><br \/>\n&#8211; Der menschliche K\u00f6rper &#8211; <a title=\"Milz\" href=\"http:\/\/www.arztpraxisloewenzentrum.ch\/index.php\/der-menschliche-korper\/milz\/\">Milz<\/a><br \/>\n&#8211; Der menschliche K\u00f6rper &#8211; <a title=\"Thymus\" href=\"http:\/\/www.arztpraxisloewenzentrum.ch\/index.php\/der-menschliche-korper\/thymus\/\">Thymus<\/a><br \/>\n&#8211; Der menschliche K\u00f6rper &#8211; <a title=\"Herz\" href=\"http:\/\/www.arztpraxisloewenzentrum.ch\/index.php\/der-menschliche-korper\/herz\/\">Herz<\/a><br \/>\n&#8211; Der menschliche K\u00f6rper &#8211; <a title=\"Leber\" href=\"http:\/\/www.arztpraxisloewenzentrum.ch\/index.php\/der-menschliche-korper\/leber\/\">Leber<\/a><br \/>\n&#8211; Der menschliche K\u00f6rper &#8211; <a title=\"Magen\" href=\"http:\/\/www.arztpraxisloewenzentrum.ch\/index.php\/der-menschliche-korper\/magen\/\">Magen<\/a><br \/>\n&#8211; Der menschliche K\u00f6rper &#8211; <a title=\"Darm\" href=\"http:\/\/www.arztpraxisloewenzentrum.ch\/index.php\/der-menschliche-korper\/darm\/\">Darm<\/a><br \/>\n&#8211; Der menschliche K\u00f6rper &#8211; <a title=\"Nieren\" href=\"http:\/\/www.arztpraxisloewenzentrum.ch\/index.php\/der-menschliche-korper\/nieren\/\">Nieren<\/a><\/p>\n<p>Krankheiten<br \/>\n&#8211; <a title=\"Diabetes mellitus \u201cZucker\u201d\" href=\"http:\/\/www.arztpraxisloewenzentrum.ch\/index.php\/diabetes-mellitus-zucker\/\">Diabetes mellitus &#8220;Zucker&#8221;<\/a><br \/>\n&#8211; <a title=\"Gutartige Schilddr\u00fcsenerkrankung\" href=\"http:\/\/www.arztpraxisloewenzentrum.ch\/index.php\/gutartige-schilddrusenerkrankung\/\">Gutartige Schilddr\u00fcsenerkrankung<\/a><br \/>\n&#8211; <a title=\"Pollenallergie (Heuschnupfen)\" href=\"http:\/\/www.arztpraxisloewenzentrum.ch\/index.php\/pollenallergie-heuschnupfen\/\">Pollenallergie (Heuschnupfen)<\/a><br \/>\n&#8211; <a title=\"Durch Zecken \u00fcbertragbare Erkrankungen\" href=\"http:\/\/www.arztpraxisloewenzentrum.ch\/index.php\/durch-zecken-ubertragbare-erkrankungen\/\">Durch Zecken \u00fcbertragbare Erkrankungen<\/a><\/p>\n<p>Untersuchungen<br \/>\n&#8211; <a title=\"Magenspiegelung\" href=\"http:\/\/www.arztpraxisloewenzentrum.ch\/index.php\/magenspiegelung\/\">Magenspiegelung<\/a><br \/>\n&#8211; <a title=\"Darmspiegelung\" href=\"http:\/\/www.arztpraxisloewenzentrum.ch\/index.php\/darmspiegelung\/\">Darmspiegelung<\/a><br \/>\n&#8211; <a title=\"Laborwerte\" href=\"http:\/\/www.arztpraxisloewenzentrum.ch\/index.php\/laborwerte\/\">Laborwerte<\/a><br \/>\n&#8211; Laborwerte &#8211; <a title=\"Blutfarbstoff (H\u00e4moglobin)\" href=\"http:\/\/www.arztpraxisloewenzentrum.ch\/index.php\/blutfarbstoff-hamoglobin\/\">Blutfarbstoff (H\u00e4moglobin)<\/a><\/p>\n<p><a title=\"Reiseplanung\" href=\"http:\/\/www.arztpraxisloewenzentrum.ch\/index.php\/reiseplanung\/\">Reiseberatung<\/a><br \/>\n<a title=\"Dokumente\" href=\"http:\/\/www.arztpraxisloewenzentrum.ch\/index.php\/dokumente\/\">Dokumente<\/a><br \/>\n<a title=\"Adressen\" href=\"http:\/\/www.arztpraxisloewenzentrum.ch\/index.php\/adressen\/\">Adressen<\/a><\/p>\n<p><a title=\"Von Patienten f\u00fcr Patienten\" href=\"http:\/\/www.arztpraxisloewenzentrum.ch\/index.php\/von-patienten-fur-patienten\/\">Von Patienten f\u00fcr Patienten<\/a><br \/>\n&#8211; <a title=\"Hausmittelchen\" href=\"http:\/\/www.arztpraxisloewenzentrum.ch\/index.php\/von-patienten-fur-patienten\/hausmittelchen\/\">Hausmittelchen<\/a><\/p>\n<p><a title=\"Links\" href=\"http:\/\/www.arztpraxisloewenzentrum.ch\/index.php\/links\/\">Links<\/a><\/p>\n<p>Kontakt<br \/>\n&#8211; <a title=\"Terminanfrage\" href=\"http:\/\/www.arztpraxisloewenzentrum.ch\/index.php\/terminanfrage\/\">Terminanfrage<\/a><br \/>\n&#8211; <a title=\"Medikamente bestellen\" href=\"http:\/\/www.arztpraxisloewenzentrum.ch\/index.php\/medikamente-bestellen\/\">Mediakmentenbestellung<\/a><br \/>\n&#8211; <a title=\"Sonstige Anfragen\" href=\"http:\/\/www.arztpraxisloewenzentrum.ch\/index.php\/sonstige-anfragen\/\">Sonstige Anfragen<\/a><\/p>\n","protected":false},"excerpt":{"rendered":"<p>Hauptseite \u00dcber die Praxis &#8211; Angebot &#8211; Lage &#8211; Aktuell &#8211; Disclaimer Patientenintofmrationen &#8211; Der menschliche K\u00f6rper &#8211; Der menschliche K\u00f6rper &#8211; Schilddr\u00fcse &#8211; Der menschliche K\u00f6rper &#8211; Lunge &#8211; Der menschliche K\u00f6rper &#8211; Milz &#8211; Der menschliche K\u00f6rper &#8211; Thymus &#8211; Der menschliche K\u00f6rper &#8211; Herz &#8211; Der menschliche K\u00f6rper &#8211; Leber &#8211; Der menschliche K\u00f6rper &#8211; Magen &#8211; Der menschliche K\u00f6rper &#8211; Darm &#8211; Der menschliche K\u00f6rper &#8211; Nieren Krankheiten &#8211; Diabetes mellitus &#8220;Zucker&#8221; &#8211; Gutartige Schilddr\u00fcsenerkrankung &#8211; Pollenallergie (Heuschnupfen) &#8211; Durch Zecken \u00fcbertragbare Erkrankungen Untersuchungen &#8211; Magenspiegelung &#8211; Darmspiegelung &#8211; Laborwerte &#8211; Laborwerte &#8211; Blutfarbstoff (H\u00e4moglobin) Reiseberatung Dokumente Adressen Von Patienten f\u00fcr Patienten &#8211; Hausmittelchen Links Kontakt &#8211; Terminanfrage &#8211; Mediakmentenbestellung &#8211; Sonstige Anfragen<\/p>\n","protected":false},"author":1,"featured_media":2280,"parent":0,"menu_order":0,"comment_status":"closed","ping_status":"closed","template":"","meta":{"footnotes":""},"class_list":["post-598","page","type-page","status-publish","has-post-thumbnail","hentry"],"_links":{"self":[{"href":"https:\/\/www.medizin-zentrum-dietikon.ch\/index.php\/wp-json\/wp\/v2\/pages\/598","targetHints":{"allow":["GET"]}}],"collection":[{"href":"https:\/\/www.medizin-zentrum-dietikon.ch\/index.php\/wp-json\/wp\/v2\/pages"}],"about":[{"href":"https:\/\/www.medizin-zentrum-dietikon.ch\/index.php\/wp-json\/wp\/v2\/types\/page"}],"author":[{"embeddable":true,"href":"https:\/\/www.medizin-zentrum-dietikon.ch\/index.php\/wp-json\/wp\/v2\/users\/1"}],"replies":[{"embeddable":true,"href":"https:\/\/www.medizin-zentrum-dietikon.ch\/index.php\/wp-json\/wp\/v2\/comments?post=598"}],"version-history":[{"count":4,"href":"https:\/\/www.medizin-zentrum-dietikon.ch\/index.php\/wp-json\/wp\/v2\/pages\/598\/revisions"}],"predecessor-version":[{"id":2509,"href":"https:\/\/www.medizin-zentrum-dietikon.ch\/index.php\/wp-json\/wp\/v2\/pages\/598\/revisions\/2509"}],"wp:featuredmedia":[{"embeddable":true,"href":"https:\/\/www.medizin-zentrum-dietikon.ch\/index.php\/wp-json\/wp\/v2\/media\/2280"}],"wp:attachment":[{"href":"https:\/\/www.medizin-zentrum-dietikon.ch\/index.php\/wp-json\/wp\/v2\/media?parent=598"}],"curies":[{"name":"wp","href":"https:\/\/api.w.org\/{rel}","templated":true}]}}