{"id":585,"date":"2013-04-20T10:03:12","date_gmt":"2013-04-20T10:03:12","guid":{"rendered":"http:\/\/www.arztpraxisloewenzentrum.ch\/?page_id=585"},"modified":"2025-10-26T12:53:29","modified_gmt":"2025-10-26T12:53:29","slug":"lunge","status":"publish","type":"page","link":"https:\/\/www.medizin-zentrum-dietikon.ch\/index.php\/der-menschliche-korper-2\/lunge\/","title":{"rendered":"Lunge"},"content":{"rendered":"<p style=\"text-align: justify;\"><a href=\"http:\/\/www.medizin-zentrum-dietikon.ch\/wordpress\/wp-content\/uploads\/2025\/09\/lunge-1.jpg\"><img loading=\"lazy\" decoding=\"async\" class=\"size-medium wp-image-2443 alignleft\" src=\"http:\/\/www.medizin-zentrum-dietikon.ch\/wordpress\/wp-content\/uploads\/2025\/09\/lunge-1-300x234.jpg\" alt=\"\" width=\"300\" height=\"234\" srcset=\"https:\/\/www.medizin-zentrum-dietikon.ch\/wordpress\/wp-content\/uploads\/2025\/09\/lunge-1-300x234.jpg 300w, https:\/\/www.medizin-zentrum-dietikon.ch\/wordpress\/wp-content\/uploads\/2025\/09\/lunge-1-768x599.jpg 768w, https:\/\/www.medizin-zentrum-dietikon.ch\/wordpress\/wp-content\/uploads\/2025\/09\/lunge-1.jpg 830w\" sizes=\"auto, (max-width: 300px) 100vw, 300px\" \/><\/a>Die Lunge ist ein lebenswichtiges Organ, das tief im Brustkorb liegt und f\u00fcr die <strong>Atmung<\/strong> verantwortlich ist. Sie besteht aus <strong>zwei<\/strong> asymmetrischen <strong>Lungenfl\u00fcgeln<\/strong> \u2013 der rechte ist etwas gr\u00f6\u00dfer und besitzt drei Lappen, w\u00e4hrend der linke aufgrund der Lage des Herzens nur zwei Lappen aufweist. Diese Lappen sind wiederum in kleinere Einheiten unterteilt, die sogenannte<img loading=\"lazy\" decoding=\"async\" class=\"alignnone size-medium wp-image-2455 alignright\" src=\"http:\/\/www.medizin-zentrum-dietikon.ch\/wordpress\/wp-content\/uploads\/2025\/10\/lungenblaschen-300x241.jpg\" alt=\"\" width=\"300\" height=\"241\" srcset=\"https:\/\/www.medizin-zentrum-dietikon.ch\/wordpress\/wp-content\/uploads\/2025\/10\/lungenblaschen-300x241.jpg 300w, https:\/\/www.medizin-zentrum-dietikon.ch\/wordpress\/wp-content\/uploads\/2025\/10\/lungenblaschen-768x617.jpg 768w, https:\/\/www.medizin-zentrum-dietikon.ch\/wordpress\/wp-content\/uploads\/2025\/10\/lungenblaschen.jpg 928w\" sizes=\"auto, (max-width: 300px) 100vw, 300px\" \/>n Lungensegmente.<\/p>\n<p style=\"text-align: justify;\">Die Luft gelangt \u00fcber die Nase oder den Mund in die <strong>Luftr\u00f6hre<\/strong>, die sich in <strong>zwei Hauptbronchien<\/strong> aufteilt \u2013 jeweils einen f\u00fcr jeden Lungenfl\u00fcgel. Diese <strong>Bronchien verzweigen sich wie \u00c4ste eines Baumes in immer kleinere R\u00f6hrchen, die Bronchiolen, bis sie schlie\u00dflich in winzige Luftbl\u00e4schen, die Alveolen, m\u00fcnden<\/strong>. In diesen Alveolen findet der eigentliche <strong>Gasaustausch<\/strong> statt: Sauerstoff aus der eingeatmeten Luft diffundiert durch die d\u00fcnne Wand der Alveolen in das Blut, w\u00e4hrend Kohlendioxid aus dem Blut in die Alveolen abgegeben und anschlie\u00dfend ausgeatmet wird.<\/p>\n<p style=\"text-align: justify;\">Die Lunge ist von einer d\u00fcnnen, doppelschichtigen Membran umgeben \u2013 der <strong>Pleura<\/strong>. Diese sorgt daf\u00fcr, dass sich die Lunge beim Ein- und Ausatmen reibungslos im Brustkorb bewegen kann. Zwischen den beiden Schichten der Pleura befindet sich ein Fl\u00fcssigkeitsfilm, der die Bewegung erleichtert und gleichzeitig ein Vakuum erzeugt, das die Lunge an der Brustwand h\u00e4lt.<\/p>\n<p style=\"text-align: justify;\">Die <strong>Blutversorgung der Lunge ist doppelt organisiert<\/strong>: Einerseits <strong>transportieren die Lungenarterien sauerstoffarmes Blut aus dem Herzen zu den Alveolen, wo es mit Sauerstoff angereichert<\/strong> wird. Andererseits <strong>versorgen kleine Arterien das Lungengewebe selbst mit N\u00e4hrstoffen und Sauerstoff<\/strong>. Die Steuerung der Atmung erfolgt \u00fcber das Atemzentrum im Gehirn, das \u00fcber Nervenimpulse die Atemmuskulatur \u2013 insbesondere das Zwerchfell \u2013 kontrolliert.<\/p>\n","protected":false},"excerpt":{"rendered":"<p>Die Lunge ist ein lebenswichtiges Organ, das tief im Brustkorb liegt und f\u00fcr die Atmung verantwortlich ist. Sie besteht aus zwei asymmetrischen Lungenfl\u00fcgeln \u2013 der rechte ist etwas gr\u00f6\u00dfer und besitzt drei Lappen, w\u00e4hrend der linke aufgrund der Lage des Herzens nur zwei Lappen aufweist. Diese Lappen sind wiederum in kleinere Einheiten unterteilt, die sogenannten Lungensegmente. Die Luft gelangt \u00fcber die Nase oder den Mund in die Luftr\u00f6hre, die sich in zwei Hauptbronchien aufteilt \u2013 jeweils einen f\u00fcr jeden Lungenfl\u00fcgel. Diese Bronchien verzweigen sich wie \u00c4ste eines Baumes in immer kleinere R\u00f6hrchen, die Bronchiolen, bis sie schlie\u00dflich in winzige Luftbl\u00e4schen, die Alveolen, m\u00fcnden. In diesen Alveolen findet der eigentliche Gasaustausch statt: Sauerstoff aus der eingeatmeten Luft diffundiert durch die d\u00fcnne Wand der Alveolen in das Blut, w\u00e4hrend Kohlendioxid aus dem Blut in die Alveolen abgegeben und anschlie\u00dfend ausgeatmet wird. Die Lunge ist von einer d\u00fcnnen, doppelschichtigen Membran umgeben \u2013 der Pleura. Diese sorgt daf\u00fcr, dass sich die Lunge beim Ein- und Ausatmen reibungslos im Brustkorb bewegen kann. Zwischen den beiden Schichten der Pleura befindet sich ein Fl\u00fcssigkeitsfilm, der die Bewegung erleichtert und gleichzeitig ein Vakuum erzeugt, das die Lunge an der Brustwand h\u00e4lt. Die Blutversorgung der Lunge ist doppelt organisiert: Einerseits transportieren die Lungenarterien sauerstoffarmes Blut aus dem Herzen zu den Alveolen, wo es mit Sauerstoff angereichert wird. Andererseits versorgen kleine Arterien das Lungengewebe selbst mit N\u00e4hrstoffen und Sauerstoff. Die Steuerung der Atmung erfolgt \u00fcber das Atemzentrum im Gehirn, das \u00fcber Nervenimpulse die Atemmuskulatur \u2013 insbesondere das Zwerchfell \u2013 kontrolliert.<\/p>\n","protected":false},"author":1,"featured_media":0,"parent":246,"menu_order":0,"comment_status":"closed","ping_status":"closed","template":"","meta":{"footnotes":""},"class_list":["post-585","page","type-page","status-publish","hentry"],"_links":{"self":[{"href":"https:\/\/www.medizin-zentrum-dietikon.ch\/index.php\/wp-json\/wp\/v2\/pages\/585","targetHints":{"allow":["GET"]}}],"collection":[{"href":"https:\/\/www.medizin-zentrum-dietikon.ch\/index.php\/wp-json\/wp\/v2\/pages"}],"about":[{"href":"https:\/\/www.medizin-zentrum-dietikon.ch\/index.php\/wp-json\/wp\/v2\/types\/page"}],"author":[{"embeddable":true,"href":"https:\/\/www.medizin-zentrum-dietikon.ch\/index.php\/wp-json\/wp\/v2\/users\/1"}],"replies":[{"embeddable":true,"href":"https:\/\/www.medizin-zentrum-dietikon.ch\/index.php\/wp-json\/wp\/v2\/comments?post=585"}],"version-history":[{"count":8,"href":"https:\/\/www.medizin-zentrum-dietikon.ch\/index.php\/wp-json\/wp\/v2\/pages\/585\/revisions"}],"predecessor-version":[{"id":2458,"href":"https:\/\/www.medizin-zentrum-dietikon.ch\/index.php\/wp-json\/wp\/v2\/pages\/585\/revisions\/2458"}],"up":[{"embeddable":true,"href":"https:\/\/www.medizin-zentrum-dietikon.ch\/index.php\/wp-json\/wp\/v2\/pages\/246"}],"wp:attachment":[{"href":"https:\/\/www.medizin-zentrum-dietikon.ch\/index.php\/wp-json\/wp\/v2\/media?parent=585"}],"curies":[{"name":"wp","href":"https:\/\/api.w.org\/{rel}","templated":true}]}}