{"id":323,"date":"2013-04-01T15:43:58","date_gmt":"2013-04-01T15:43:58","guid":{"rendered":"http:\/\/www.arztpraxisloewenzentrum.ch\/wordpress\/?page_id=323"},"modified":"2023-12-30T18:33:51","modified_gmt":"2023-12-30T18:33:51","slug":"darmspiegelung-2","status":"publish","type":"page","link":"https:\/\/www.medizin-zentrum-dietikon.ch\/index.php\/darmspiegelung-2\/","title":{"rendered":"Darmspiegelung"},"content":{"rendered":"<p style=\"text-align: justify;\"><img loading=\"lazy\" decoding=\"async\" class=\"alignleft size-full wp-image-324\" style=\"margin-right: 10px;\" alt=\"coloskopie\" src=\"http:\/\/www.arztpraxisloewenzentrum.ch\/wordpress\/wp-content\/uploads\/2013\/04\/coloskopie.jpg\" width=\"280\" height=\"480\" srcset=\"https:\/\/www.medizin-zentrum-dietikon.ch\/wordpress\/wp-content\/uploads\/2013\/04\/coloskopie.jpg 280w, https:\/\/www.medizin-zentrum-dietikon.ch\/wordpress\/wp-content\/uploads\/2013\/04\/coloskopie-175x300.jpg 175w\" sizes=\"auto, (max-width: 280px) 100vw, 280px\" \/>Diese Untersuchung wird \u00fcblicherweise von einem Magen-Darm-Spezialisten durchgef\u00fchrt.<\/p>\n<p style=\"text-align: justify;\"><strong>Vorbereitung<\/strong><br \/>\nDamit die Untersuchung durchgef\u00fchrt werden kann, muss der Darm gereinigt werden. Hierzu erhalten Sie ein Abf\u00fchrmittel, welches Sie in den Stunden vor der Untersuchung einnehmen m\u00fcssen.<br \/>\nUnmittelbar vor der Untersuchung erhalten Sie eine Spritze mit einem Beruhigungsmittel.<\/p>\n<p style=\"text-align: justify;\"><strong>Ablauf<\/strong><\/p>\n<p style=\"text-align: justify;\">Bei der Darmspiegelung wird das Coloskop (ein glasfaseroptisches Instrument, welches im wesentlichen aus einem Schlauch aus Glasfasern und einem optischen System zur \u00dcbertragung auf ein Videosystem besteht) \u00fcber den After in den Dickdarm eingef\u00fchrt. Der gesamte Dickdarm kann so untersucht werden. Es k\u00f6nnen Proben entnommen werden und falls n\u00f6tig kleine Tumoren (Polypen) entfernt oder Blutungen gestillt werden.<\/p>\n<p>Beispiele von Coloskopie-Bildern finden Sie <a title=\"Bilder einer Dickdarmspiegelung\" href=\"http:\/\/www.endoskopiebilder.de\/kolon_normalbefunde.html\" target=\"_blank\" rel=\"noopener\">hier<\/a>.<\/p>\n","protected":false},"excerpt":{"rendered":"<p>Diese Untersuchung wird \u00fcblicherweise von einem Magen-Darm-Spezialisten durchgef\u00fchrt. Vorbereitung Damit die Untersuchung durchgef\u00fchrt werden kann, muss der Darm gereinigt werden. Hierzu erhalten Sie ein Abf\u00fchrmittel, welches Sie in den Stunden vor der Untersuchung einnehmen m\u00fcssen. Unmittelbar vor der Untersuchung erhalten Sie eine Spritze mit einem Beruhigungsmittel. Ablauf Bei der Darmspiegelung wird das Coloskop (ein glasfaseroptisches Instrument, welches im wesentlichen aus einem Schlauch aus Glasfasern und einem optischen System zur \u00dcbertragung auf ein Videosystem besteht) \u00fcber den After in den Dickdarm eingef\u00fchrt. Der gesamte Dickdarm kann so untersucht werden. Es k\u00f6nnen Proben entnommen werden und falls n\u00f6tig kleine Tumoren (Polypen) entfernt oder Blutungen gestillt werden. Beispiele von Coloskopie-Bildern finden Sie hier.<\/p>\n","protected":false},"author":1,"featured_media":0,"parent":0,"menu_order":0,"comment_status":"closed","ping_status":"closed","template":"","meta":{"footnotes":""},"class_list":["post-323","page","type-page","status-publish","hentry"],"_links":{"self":[{"href":"https:\/\/www.medizin-zentrum-dietikon.ch\/index.php\/wp-json\/wp\/v2\/pages\/323","targetHints":{"allow":["GET"]}}],"collection":[{"href":"https:\/\/www.medizin-zentrum-dietikon.ch\/index.php\/wp-json\/wp\/v2\/pages"}],"about":[{"href":"https:\/\/www.medizin-zentrum-dietikon.ch\/index.php\/wp-json\/wp\/v2\/types\/page"}],"author":[{"embeddable":true,"href":"https:\/\/www.medizin-zentrum-dietikon.ch\/index.php\/wp-json\/wp\/v2\/users\/1"}],"replies":[{"embeddable":true,"href":"https:\/\/www.medizin-zentrum-dietikon.ch\/index.php\/wp-json\/wp\/v2\/comments?post=323"}],"version-history":[{"count":3,"href":"https:\/\/www.medizin-zentrum-dietikon.ch\/index.php\/wp-json\/wp\/v2\/pages\/323\/revisions"}],"predecessor-version":[{"id":2325,"href":"https:\/\/www.medizin-zentrum-dietikon.ch\/index.php\/wp-json\/wp\/v2\/pages\/323\/revisions\/2325"}],"wp:attachment":[{"href":"https:\/\/www.medizin-zentrum-dietikon.ch\/index.php\/wp-json\/wp\/v2\/media?parent=323"}],"curies":[{"name":"wp","href":"https:\/\/api.w.org\/{rel}","templated":true}]}}