{"id":26,"date":"2012-06-04T19:09:50","date_gmt":"2012-06-04T19:09:50","guid":{"rendered":"http:\/\/arztpraxisloewenzentrum.ch\/wordpress\/?page_id=26"},"modified":"2026-02-01T16:47:24","modified_gmt":"2026-02-01T16:47:24","slug":"medizinisches-angebot-2","status":"publish","type":"page","link":"https:\/\/www.medizin-zentrum-dietikon.ch\/index.php\/medizinisches-angebot-2\/","title":{"rendered":"Medizinisches Angebot"},"content":{"rendered":"<p style=\"text-align: justify;\"><span style=\"color: #000000;\"><\/span><\/p>\n<h2>Medizinisches Angebot<\/h2>\n<p style=\"text-align: justify;\"><span style=\"color: #000000;\"><\/p>\n<ul>\n<li>Beratung, Untersuchung und Behandlung von Erwachsenen mit gesundheitlichen St\u00f6rungen im k\u00f6rperlichen und psychischen Bereich.<\/li>\n<li>Diabeteskontrolle und Einstellung<\/li>\n<li>Blutdruckeinstellung<\/li>\n<li>Abkl\u00e4rung und Behandlung von R\u00fccken und Gelenksbeschwerden, speziell Diskushernien mittels interventioneller Schmerztherapie<\/li>\n<li>Gesundheitsstandortbestimmung (Check-up)<\/li>\n<li>Abkl\u00e4rung und Untersuchung vor Operationen<\/li>\n<li>Medizinische Betreuung nach Operationen<\/li>\n<li>Impf- und Reiseberatungen<\/li>\n<li>Desensibilisierung bei Allergien<\/li>\n<li>Verkehrseignungsuntersuchungen (Kategorie 1 und 2)<\/li>\n<li>Hausbesuche, wo medizinisch indiziert<\/li>\n<\/ul>\n<p><\/span><\/p>\n<h2>Unsere technischen M\u00f6glichkeiten<\/h2>\n<ul>\n<li>Labor<\/li>\n<li>Digitales R\u00f6ntgen<\/li>\n<li>Ultraschall<\/li>\n<li>EKG und 24-h-EKG<\/li>\n<li>24-h-Blutdruckmessung<\/li>\n<li>N\u00e4chtliche Pulsoxymetrie<\/li>\n<li>Lungenfunktion<\/li>\n<\/ul>\n<p style=\"text-align: justify;\"><span style=\"color: #000000;\"><\/p>\n<h2>Hilfe in folgenden Sprachen<\/h2>\n<ul>\n<li>Deutsch<\/li>\n<li>English<\/li>\n<li>Fran\u00e7ais<\/li>\n<li>Italiano<\/li>\n<li>T\u00fcrk\u00e7e<\/li>\n<\/ul>\n<p><\/span><\/p>\n","protected":false},"excerpt":{"rendered":"<p>Medizinisches Angebot Beratung, Untersuchung und Behandlung von Erwachsenen mit gesundheitlichen St\u00f6rungen im k\u00f6rperlichen und psychischen Bereich. Diabeteskontrolle und Einstellung Blutdruckeinstellung Abkl\u00e4rung und Behandlung von R\u00fccken und Gelenksbeschwerden, speziell Diskushernien mittels interventioneller Schmerztherapie Gesundheitsstandortbestimmung (Check-up) Abkl\u00e4rung und Untersuchung vor Operationen Medizinische Betreuung nach Operationen Impf- und Reiseberatungen Desensibilisierung bei Allergien Verkehrseignungsuntersuchungen (Kategorie 1 und 2) Hausbesuche, wo medizinisch indiziert Unsere technischen M\u00f6glichkeiten Labor Digitales R\u00f6ntgen Ultraschall EKG und 24-h-EKG 24-h-Blutdruckmessung N\u00e4chtliche Pulsoxymetrie Lungenfunktion Hilfe in folgenden Sprachen Deutsch English Fran\u00e7ais Italiano T\u00fcrk\u00e7e<\/p>\n","protected":false},"author":1,"featured_media":0,"parent":0,"menu_order":0,"comment_status":"closed","ping_status":"closed","template":"","meta":{"footnotes":""},"class_list":["post-26","page","type-page","status-publish","hentry"],"_links":{"self":[{"href":"https:\/\/www.medizin-zentrum-dietikon.ch\/index.php\/wp-json\/wp\/v2\/pages\/26","targetHints":{"allow":["GET"]}}],"collection":[{"href":"https:\/\/www.medizin-zentrum-dietikon.ch\/index.php\/wp-json\/wp\/v2\/pages"}],"about":[{"href":"https:\/\/www.medizin-zentrum-dietikon.ch\/index.php\/wp-json\/wp\/v2\/types\/page"}],"author":[{"embeddable":true,"href":"https:\/\/www.medizin-zentrum-dietikon.ch\/index.php\/wp-json\/wp\/v2\/users\/1"}],"replies":[{"embeddable":true,"href":"https:\/\/www.medizin-zentrum-dietikon.ch\/index.php\/wp-json\/wp\/v2\/comments?post=26"}],"version-history":[{"count":18,"href":"https:\/\/www.medizin-zentrum-dietikon.ch\/index.php\/wp-json\/wp\/v2\/pages\/26\/revisions"}],"predecessor-version":[{"id":2351,"href":"https:\/\/www.medizin-zentrum-dietikon.ch\/index.php\/wp-json\/wp\/v2\/pages\/26\/revisions\/2351"}],"wp:attachment":[{"href":"https:\/\/www.medizin-zentrum-dietikon.ch\/index.php\/wp-json\/wp\/v2\/media?parent=26"}],"curies":[{"name":"wp","href":"https:\/\/api.w.org\/{rel}","templated":true}]}}