{"id":212,"date":"2013-03-26T06:53:41","date_gmt":"2013-03-26T06:53:41","guid":{"rendered":"http:\/\/www.arztpraxisloewenzentrum.ch\/wordpress\/?page_id=212"},"modified":"2026-01-31T15:23:39","modified_gmt":"2026-01-31T15:23:39","slug":"links-3","status":"publish","type":"page","link":"https:\/\/www.medizin-zentrum-dietikon.ch\/index.php\/links-3\/","title":{"rendered":"Links"},"content":{"rendered":"<p>Zu welchem Thema h\u00e4tten Sie gerne Informationen? W\u00e4hlen Sie aus unserer umfangreichen Linksammlung aus. Falls ein Links nicht funktionieren sollte, so sind wir dankbar um ein e-mail an <a href=\"mailto:mpa@arztpraxisloewenzentrum.ch\">kontakt@arztpraxisloewenzentrum.ch<\/a>.<\/p>\n<p>Hier gelangen Sie zu unserer alphabetischen Linksammlung.<\/p>\n<div class=\"gdl-tab\"><ul class=\"gdl-tab-title\"><li><a data-tab=\"tab-0\" class=\"active\" >A<\/a><\/li><li><a data-tab=\"tab-1\" >B<\/a><\/li><li><a data-tab=\"tab-2\" >C<\/a><\/li><li><a data-tab=\"tab-3\" >D<\/a><\/li><li><a data-tab=\"tab-4\" >E<\/a><\/li><li><a data-tab=\"tab-5\" >F<\/a><\/li><li><a data-tab=\"tab-6\" >G<\/a><\/li><li><a data-tab=\"tab-7\" >H<\/a><\/li><li><a data-tab=\"tab-8\" >I<\/a><\/li><li><a data-tab=\"tab-9\" >J<\/a><\/li><li><a data-tab=\"tab-10\" >K<\/a><\/li><li><a data-tab=\"tab-11\" >L<\/a><\/li><li><a data-tab=\"tab-12\" >M<\/a><\/li><li><a data-tab=\"tab-13\" >N<\/a><\/li><li><a data-tab=\"tab-14\" >O<\/a><\/li><li><a data-tab=\"tab-15\" >P<\/a><\/li><li><a data-tab=\"tab-16\" >Q<\/a><\/li><li><a data-tab=\"tab-17\" >R<\/a><\/li><li><a data-tab=\"tab-18\" >S<\/a><\/li><li><a data-tab=\"tab-19\" >T<\/a><\/li><li><a data-tab=\"tab-20\" >U<\/a><\/li><li><a data-tab=\"tab-21\" >V<\/a><\/li><li><a data-tab=\"tab-22\" >W<\/a><\/li><li><a data-tab=\"tab-23\" >X<\/a><\/li><li><a data-tab=\"tab-24\" >Y<\/a><\/li><li><a data-tab=\"tab-25\" >Z<\/a><\/li><\/ul><div class=\"clear\"><\/div><ul class=\"gdl-tab-content\"><li data-tab=\"tab-0\" class=\"active\" ><p><a href=\"http:\/\/www.adipositaschirurgie.ch\/\" target=\"_blank\" rel=\"noopener\">Adipositaschirurgie &#8211; Informationen \u00fcber Operationen gegen \u00dcbergewicht<\/a><br \/>\n<a href=\"http:\/\/www.saps.ch\/de\/\" target=\"_blank\" rel=\"noopener\">Adipositas Stiftung Schweizerische<\/a><br \/>\n<a href=\"http:\/\/www.saev.ch\/\" target=\"_blank\" rel=\"noopener\">Adoptivelternvereinigung SAEV Schweizerische<\/a><br \/>\n<a href=\"http:\/\/www.aes.ch\/\" target=\"_blank\" rel=\"noopener\">AES, Arbeitsgemeinschaft Ess-St\u00f6rungen<\/a><br \/>\n<a href=\"https:\/\/www.aids.ch\/de\/ueber-uns\/verband\/antennen.php\" target=\"_blank\" rel=\"noopener\">Aids-Hilfe Schweiz<\/a><br \/>\n<a href=\"http:\/\/www.akupunktur-tcm.ch\/pages\/intro.php\" target=\"_blank\" rel=\"noopener\">Akupunktur und Chinesische Medizin Schweizer \u00c4rztegesellschaften<\/a><br \/>\n<a href=\"http:\/\/www.suchtschweiz.ch\/index.php?IDcat=21&amp;IDcat21visible=1&amp;langue=D\" target=\"_blank\" rel=\"noopener\">Alkohol- und Drogenfragen Schweizerische Fachstelle (SFA)<\/a><br \/>\n<a href=\"http:\/\/www.svamv-fsfm.ch\/de\/\" target=\"_blank\" rel=\"noopener\">Alleinerziehende M\u00fctter und V\u00e4ter<\/a><br \/>\n<a href=\"http:\/\/www.aha.ch\/allergiezentrum-schweiz\/home\/?oid=1641&amp;lang=de\" target=\"_blank\" rel=\"noopener\">Allergie Haut und Asthma aha Zentrum<\/a><br \/>\n<a href=\"http:\/\/www.alz.ch\/\" target=\"_blank\" rel=\"noopener\">Alzheimervereinigung Schweizerische Vereinigung<\/a><br \/>\n<a href=\"http:\/\/www.aphs.ch\/\" target=\"_blank\" rel=\"noopener\">Angst- und Panikhilfe Schweiz (AphS)<\/a><br \/>\n<a href=\"http:\/\/www.anonyme-alkoholiker.ch\/\" target=\"_blank\" rel=\"noopener\">Anonyme Alkoholiker<\/a><br \/>\n<a href=\"http:\/\/www.aphasie.org\/\" target=\"_blank\" rel=\"noopener\">Aphasie Schweizerische Arbeitsgemeinschaft<\/a><br \/>\n<a href=\"http:\/\/www.sos-apotheke.ch\/\" target=\"_blank\" rel=\"noopener\">Apotheken-Notfalldienst<\/a><br \/>\n<a href=\"http:\/\/www.at-schweiz.ch\/\" target=\"_blank\" rel=\"noopener\">Arbeitsgemeinschaft f\u00fcr Tabakpr\u00e4vention<\/a><br \/>\n<a href=\"http:\/\/www.arbeitsmedizin.ch\/\" target=\"_blank\" rel=\"noopener\">Arbeitsmedizin, Pr\u00e4ventionsmedizin IfA<\/a><br \/>\n<a href=\"http:\/\/www.msf.ch\/index.php?id=1&amp;L=1\" target=\"_blank\" rel=\"noopener\">\u00c4rzte ohne Grenzen, Medecins sans Frontieres MSF<\/a><br \/>\n<a href=\"http:\/\/www.fmh-index.ch\/search.cfm?l=1\" target=\"_blank\" rel=\"noopener\">Arztsuche<\/a><br \/>\n<a href=\"http:\/\/www.autismus.ch\/\" target=\"_blank\" rel=\"noopener\">Autismus Schweiz Elternverein<\/a><\/p>\n<\/li><li data-tab=\"tab-1\" ><p><a href=\"http:\/\/askio.ch\/\" target=\"_blank\" rel=\"noopener\">Behinderten-Selbsthilfe Schweiz AGILE<\/a><br \/>\n<a href=\"http:\/\/www.bfu.ch\/de\/\" target=\"_blank\" rel=\"noopener\">Beratungsstelle f\u00fcr Unfallverh\u00fcgung bfu<\/a><br \/>\n<a href=\"http:\/\/www.inkontinex.ch\/\" target=\"_blank\" rel=\"noopener\">Blasenschw\u00e4che<\/a><br \/>\n<a href=\"http:\/\/blaueskreuz.ch\/\" target=\"_blank\" rel=\"noopener\">Blaues Kreuz<\/a><br \/>\n<a href=\"http:\/\/www.bfb-cipi.ch\/\" target=\"_blank\" rel=\"noopener\">Brandverh\u00fctung Beratungsstelle<\/a><br \/>\n<a href=\"http:\/\/www.bsv.admin.ch\/\" target=\"_blank\" rel=\"noopener\">Bundesamt f\u00fcr Sozialversicherungen BSV<\/a><br \/>\n<a href=\"http:\/\/www.bag.admin.ch\/aktuell\/\" target=\"_blank\" rel=\"noopener\">Bundesamt f\u00fcr Gesundheit BAG (Hauptseite<\/a>)<br \/>\n<a href=\"http:\/\/www.smokefree.ch\/home\/\" target=\"_blank\" rel=\"noopener\">Bundesamt f\u00fcr Gesundheit Rauchen schadet<\/a><\/p>\n<\/li><li data-tab=\"tab-2\" ><p><a href=\"http:\/\/www.carnegie.ch\/\" target=\"_blank\" rel=\"noopener\">Carnegie Stiftung Schweizer Stiftung f\u00fcr LebensretterInnen<\/a><br \/>\n<a href=\"http:\/\/www.cerebral.ch\/\" target=\"_blank\" rel=\"noopener\">Cerebral gel\u00e4hmte Kinder<\/a><br \/>\n<a href=\"http:\/\/www.chirosuisse.info\/d\/html\/\" target=\"_blank\" rel=\"noopener\">Chiropraktoren Schweizerische<\/a><br \/>\n<a href=\"http:\/\/www.verein-cfs.ch\/\" target=\"_blank\" rel=\"noopener\">Chronic Fatigue Syndrom<\/a><br \/>\n<a href=\"http:\/\/www.comparis.ch\/\" target=\"_blank\" rel=\"noopener\">Comparis &#8211; Krankenkassenpr\u00e4mien vergleichen. Achtung: Nicht alle Krankenkassen sind vertreten<\/a><br \/>\n<a href=\"http:\/\/www.smccv.ch\/\" target=\"_blank\" rel=\"noopener\">Colitis ulcerosa Schweizerische Morbus Crohn\/Colitis ulcerosa-Vereinigung<\/a><br \/>\n<a href=\"http:\/\/www.cfch.ch\/deutsch\/\" target=\"_blank\" rel=\"noopener\">Cystische Fibrose Schweizerische Gesellschaft<\/a><\/p>\n<\/li><li data-tab=\"tab-3\" ><p><a href=\"http:\/\/www.depressionen.ch\/de\/equilibrium\/index.php\" target=\"_blank\" rel=\"noopener\">Depressionen EQUILIBRIUM Verein zur Bew\u00e4ltigung von Depressionen<\/a><br \/>\n<a href=\"http:\/\/www.diabetes-ernaehrung.ch\/\" target=\"_blank\" rel=\"noopener\">Diabetes Forum<\/a><br \/>\n<a href=\"http:\/\/www.diabetesgesellschaft.ch\/\" target=\"_blank\" rel=\"noopener\">Diabetes Schweizerische Gesellschaft<\/a><br \/>\n<a href=\"http:\/\/www.antidoping.ch\/\" target=\"_blank\" rel=\"noopener\">Doping Info Schweiz<\/a><br \/>\n<a href=\"http:\/\/www.insieme21.ch\/typo21\/\" target=\"_blank\" rel=\"noopener\">Down Syndrom Schweizerische Elternorganisation EDSA<\/a><\/p>\n<\/li><li data-tab=\"tab-4\" ><p><a href=\"http:\/\/www.echobasics.de\/\" target=\"_blank\" rel=\"noopener\">Echobasics &#8211; Echokardiographie-Informationen<\/a><br \/>\n<a href=\"http:\/\/www.elternnotruf.ch\/\" target=\"_blank\" rel=\"noopener\">Epilepsie Schweizerische Selbsthilfegruppen<\/a><br \/>\n<a href=\"http:\/\/www.epi.ch\/\" target=\"_blank\" rel=\"noopener\">Ern\u00e4hrung Schweizerische Vereinigung SVE<\/a><br \/>\n<a href=\"http:\/\/www.aes.ch\/\" target=\"_blank\" rel=\"noopener\">Essst\u00f6rungen, Arbeitsgemeinschaft Ess-St\u00f6rungen AES<\/a><br \/>\n<a href=\"http:\/\/www.netzwerk-essstoerungen.ch\/\" target=\"_blank\" rel=\"noopener\">Essst\u00f6rungen, Expertennetzwerk f\u00fcr Essst\u00f6rungen Schweiz<\/a><br \/>\n<a href=\"http:\/\/www.health.ch\/\" target=\"_blank\" rel=\"noopener\">Essst\u00f6rungen, Magersucht<\/a><br \/>\n<a href=\"http:\/\/www.pepinfo.ch\/\" target=\"_blank\" rel=\"noopener\">Essst\u00f6rungen, Pr\u00e4vention<\/a><br \/>\n<a href=\"http:\/\/www.depressionen.ch\/de\/equilibrium\/index.php\" target=\"_blank\" rel=\"noopener\">Equilibrium Verein zur Bew\u00e4ltigung von Depressionen<\/a><\/p>\n<\/li><li data-tab=\"tab-5\" ><p><a href=\"http:\/\/www.frauenberatung.ch\/\" target=\"_blank\" rel=\"noopener\">Frauenberatung f\u00fcr Frauen in Not<\/a><\/p>\n<\/li><li data-tab=\"tab-6\" ><p><a href=\"http:\/\/www.gefaesschirurgie-bremen.de\/\" target=\"_blank\" rel=\"noopener\">Gef\u00e4sszentrum Bremen<\/a><br \/>\n<a href=\"http:\/\/www.sgb-fss.ch\/\" target=\"_blank\" rel=\"noopener\">Geh\u00f6rlose Schweizerischer Geh\u00f6rlosenbund<\/a><br \/>\n<a href=\"http:\/\/insieme.ch\/\" target=\"_blank\" rel=\"noopener\">Geistigbehinderte Organisation f\u00fcr geistig behinderte Menschen Insieme<\/a><br \/>\n<a href=\"http:\/\/www.radix.ch\/\" target=\"_blank\" rel=\"noopener\">Gesundheitsf\u00f6rderung<\/a><\/p>\n<\/li><li data-tab=\"tab-7\" ><p><a href=\"http:\/\/www.shg.ch\/content.php\" target=\"_blank\" rel=\"noopener\">H\u00e4mophilie Schweizerische H\u00e4mophilie-Gesellschaft (SHG)<\/a><br \/>\n<a href=\"http:\/\/www.spas-guide.com\/\" target=\"_blank\" rel=\"noopener\">Heilb\u00e4der in der Schweiz<\/a><br \/>\n<a href=\"http:\/\/www.hepatitis-info.ch\/\" target=\"_blank\" rel=\"noopener\">Hepatitis C Help C<\/a><br \/>\n<a href=\"http:\/\/www.swissheartgroups.ch\/\" target=\"_blank\" rel=\"noopener\">Herzgruppen<\/a><br \/>\n<a href=\"http:\/\/www.evhk.ch\/\" target=\"_blank\" rel=\"noopener\">Herzkranke Kinder Elternvereinigung<\/a><br \/>\n<a href=\"http:\/\/www.swissheart.ch\/\" target=\"_blank\" rel=\"noopener\">Herzstiftung Schweizerische<\/a><br \/>\n<a href=\"http:\/\/www.schrittweise.ch\/\" target=\"_blank\" rel=\"noopener\">Hilfe f\u00fcr Helfer<\/a><br \/>\n<a href=\"http:\/\/www.fragile.ch\/suisse\/\" target=\"_blank\" rel=\"noopener\">Hirnverletzungen Schweizerische Vereinigung f\u00fcr hirnverletzte Menschen Fragile Suisse<\/a><br \/>\n<a href=\"https:\/\/www.dzvhae.de\/portal\/loader.php?navigation=3257&amp;org=1276&amp;seite=1278\" target=\"_blank\" rel=\"noopener\">Hom\u00f6opathie Schweizerischer Verein Hom\u00f6opathischer \u00c4rzte und \u00c4rztinnen<\/a><br \/>\n<a href=\"http:\/\/www.pro-audito.ch\/\" target=\"_blank\" rel=\"noopener\">H\u00f6rbehinderte Bund Schweizerischer Schwerh\u00f6rigen verein pro audito schweiz<\/a><br \/>\n<a href=\"http:\/\/www.shv.ch\/de\/home\" target=\"_blank\" rel=\"noopener\">Huntington Schweizerische Vereinigung (SHV)<\/a><\/p>\n<\/li><li data-tab=\"tab-8\" ><p><a href=\"http:\/\/www.ilco.ch\/\" target=\"_blank\" rel=\"noopener\">Ileostomie-, Colostomie- und Urostomie Schweizerische Vereinigung f\u00fcr Menschen mit einem k\u00fcnstlichen Harnr\u00f6hren- oder Darmausgang Ilco<\/a><br \/>\n<a href=\"http:\/\/www.ipsilon.ch\/index.php?id=1\" target=\"_blank\" rel=\"noopener\">IPSLION, Initiative zur Pr\u00e4vention von Suizid in der Schweiz<\/a><\/p>\n<\/li><li data-tab=\"tab-9\" ><p><a href=\"http:\/\/www.147.ch\/\" target=\"_blank\" rel=\"noopener\">Jugend- und Kindernotruf<\/a><\/p>\n<\/li><li data-tab=\"tab-10\" ><p><a href=\"http:\/\/www.kehlkopfoperiert.ch\/\" target=\"_blank\" rel=\"noopener\">Kehlkopflos Union Schweizerische Kehlkopflosen-Vereinigung<\/a><br \/>\n<a href=\"http:\/\/www.minuweb.ch\/home\/index.cfm\" target=\"_blank\" rel=\"noopener\">Kinder mit Gewichtsproblemen<\/a><br \/>\n<a href=\"http:\/\/www.kinderkrebshilfe.ch\/\" target=\"_blank\" rel=\"noopener\">Kinderhilfe f\u00fcr Krebskranke Kinder<\/a><br \/>\n<a href=\"http:\/\/www.sternschnuppe.ch\/\" target=\"_blank\" rel=\"noopener\">Kinderhilfe Sternschnuppe<\/a><br \/>\n<a href=\"http:\/\/www.kinderwunsch.ch\/\" target=\"_blank\" rel=\"noopener\">Kinderwunsch<\/a><br \/>\n<a href=\"http:\/\/www.kleinwuchs.ch\/\" target=\"_blank\" rel=\"noopener\">Kleinw\u00fcchsige Erwachsene Eigenst\u00e4ndiger Verein f\u00fcr erwachsene Kleinw\u00fcchsige<\/a><br \/>\n<a href=\"http:\/\/www.ja-zur-komplementaermedizin.ch\/\" target=\"_blank\" rel=\"noopener\">Komplement\u00e4rmedizin, Ja zur<\/a><br \/>\n<a href=\"http:\/\/www.unioncomed.ch\/\" target=\"_blank\" rel=\"noopener\">Komplement\u00e4rmedizinische \u00c4rzteorganisationen Schweiz<\/a><br \/>\n<a href=\"http:\/\/www.selbsthilfeschweiz.ch\/shch\/de.html\" target=\"_blank\" rel=\"noopener\">KOSCH Koordination und F\u00f6rderung von Selbsthilfegruppen in der Schweiz<\/a><br \/>\n<a href=\"http:\/\/www.krankenversicherungen24.ch\/\" target=\"_blank\" rel=\"noopener\">Krankenversicherungen<\/a><br \/>\n<a href=\"http:\/\/www.krebsliga.ch\/de\/index.cfm\" target=\"_blank\" rel=\"noopener\">Krebsliga (Schweizerische Krebsliga)<\/a><\/p>\n<\/li><li data-tab=\"tab-11\" ><p><a href=\"http:\/\/www.lungenliga.ch\/de\/\" target=\"_blank\" rel=\"noopener\">Lungenliga Schweiz<\/a><br \/>\n<a href=\"http:\/\/www.slev.ch\/\" target=\"_blank\" rel=\"noopener\">Lupus Erythematodes Schweizerische Lupus Erythematodes Vereinigung (SLEV)<\/a><\/p>\n<\/li><li data-tab=\"tab-12\" ><p><a href=\"http:\/\/www.news-med.com\/\" target=\"_blank\" rel=\"noopener\">Medizinische Informations-Internetseite<\/a><br \/>\n<a href=\"http:\/\/www.miges.ch\/\" target=\"_blank\" rel=\"noopener\">Migranten und Migrantinnen Gesundheitsinformationen f\u00fcr Fachpersonen<\/a><br \/>\n<a href=\"http:\/\/www.mobbing-zentrale.ch\/\" target=\"_blank\" rel=\"noopener\">Mobbing Zentrale Schweiz<\/a><br \/>\n<a href=\"http:\/\/www.sprechstundemobilfunk.ch\/de\/kontakt_allgemeines.html\" target=\"_blank\" rel=\"noopener\">Mobilfunk und Gesundheit, Ombudsstelle und \u00c4rztliche Sprechstunde<\/a><br \/>\n<a href=\"http:\/\/www.mis-ch.ch\/\" target=\"_blank\" rel=\"noopener\">Mobility International, Reisefachstelle f\u00fcr Menschen mit Behinderungen<\/a><br \/>\n<a href=\"http:\/\/www.smccv.ch\/\" target=\"_blank\" rel=\"noopener\">Morbus Crohn und Ulcerosavereinigung Schweizerische<\/a><br \/>\n<a href=\"http:\/\/www.multiplesklerose.ch\/\" target=\"_blank\" rel=\"noopener\">Multiple Sklerose Schweizerische Gesellschaft<\/a><br \/>\n<a href=\"http:\/\/www.multiples-myelom.ch\/\" target=\"_blank\" rel=\"noopener\">Multiples Myelom Patientenorganisation<\/a><br \/>\n<a href=\"http:\/\/www.mamma.ch\/\" target=\"_blank\" rel=\"noopener\">Mutter und Kind Unabh\u00e4ngiger Verein f\u00fcr Solidarit\u00e4t mit der Mutter in der Not SHMK<\/a><\/p>\n<\/li><li data-tab=\"tab-13\" ><p><a href=\"http:\/\/www.ms-diagnose.ch\/de\/neuro-web\/home\/index.php\" target=\"_blank\" rel=\"noopener\">Neurologenverzeichnis Schweizerisches<\/a><br \/>\n<a href=\"http:\/\/www.nichtraucher.org\/\" target=\"_blank\" rel=\"noopener\">Nichtrauchen<\/a><br \/>\n<a href=\"http:\/\/www.nutrinet.ch\/\" target=\"_blank\" rel=\"noopener\">Nutrinet, Netzwerk Ern\u00e4hrung und Gesundheit<\/a><\/p>\n<\/li><li data-tab=\"tab-14\" ><p>Hier haben wir noch keine Links&#8230;<\/p>\n<\/li><li data-tab=\"tab-15\" ><p><a href=\"http:\/\/www.paraplegie.ch\/de\/pub\/pan.htm\" target=\"_blank\" rel=\"noopener\">Paraplegie Schweizerische Paraplegiker Vereinigung<\/a><br \/>\n<a href=\"http:\/\/www.parkinson.ch\/\" target=\"_blank\" rel=\"noopener\">Parkinson Schweizerische Vereinigung<\/a><br \/>\n<a href=\"http:\/\/www.patienten.ch\/\" target=\"_blank\" rel=\"noopener\">Patienten Hilfe Plattform f\u00fcr Schweizer Patientenorganisationen<\/a><br \/>\n<a href=\"http:\/\/www.pollenundallergie.ch\/1196\/MeteoSchweiz\/pollenprognose\/?oid=1828&amp;lang=de\" target=\"_blank\" rel=\"noopener\">Pollenflugbulletin<\/a><br \/>\n<a href=\"http:\/\/www.elpos.ch\/\" target=\"_blank\" rel=\"noopener\">POS Kinder Schweizerischer Dachverband der regionalen Elternvereine mit POS-Kindern ELPOS<\/a><br \/>\n<a href=\"http:\/\/www.pro-senectute.ch\/de.html\" target=\"_blank\" rel=\"noopener\">Pro Senectute Schweiz<\/a><\/p>\n<\/li><li data-tab=\"tab-16\" ><p>Hier haben wir noch keine Links&#8230;<\/p>\n<\/li><li data-tab=\"tab-17\" ><p><a href=\"http:\/\/www.eat-smokefree.ch\/\" target=\"_blank\" rel=\"noopener\">Rauchfrei Essen<\/a><br \/>\n<a href=\"http:\/\/www.nichtraucher.org\/\" target=\"_blank\" rel=\"noopener\">Rauchfreie Hotels<\/a><br \/>\n<a href=\"http:\/\/www.sprechzimmer.ch\/sprechzimmer\/Fokus\/Nikotinsucht\/Rauchstopp_Hilfen\/Rauchentwoehnung_Kantonale_Beratungsstellen.php\" target=\"_blank\" rel=\"noopener\">Rauchstopp Kantonale Beratungsstellen<\/a><br \/>\n<a href=\"http:\/\/www.rega.ch\/\" target=\"_blank\" rel=\"noopener\">REGA Schweizerische Rettungsflugwacht<\/a><br \/>\n<a href=\"http:\/\/www.rheumaliga.ch\/ch\/Intro\" target=\"_blank\" rel=\"noopener\">Rheumaliga Schweizerische<\/a><\/p>\n<\/li><li data-tab=\"tab-18\" ><p><a href=\"http:\/\/www.safetravel.ch\/safetravel2\/servlet\/ch.ofac.wv.wv201j.pages.Wv201AccueilCtrl?action=changeLangue\" target=\"_blank\" rel=\"noopener\">Safetravel, sicher reisen<\/a><br \/>\n<a href=\"http:\/\/www.samariter.ch\/de\/i\/home.html;jsessionid=7D7FE8871A6A05279E3D5C4D1C8C6A13\" target=\"_blank\" rel=\"noopener\">Samariterbund Schweizerischer SSB<\/a><br \/>\n<a href=\"http:\/\/swiss-sleep.ch\/\" target=\"_blank\" rel=\"noopener\">Schlafst\u00f6rungen Gesellschaft f\u00fcr Schlafforschung Swiss Sleep Society<\/a><br \/>\n<a href=\"http:\/\/www.swissmom.ch\/\" target=\"_blank\" rel=\"noopener\">Schwangerschaft und Geburt<\/a><br \/>\n<a href=\"http:\/\/www.sge-ssn.ch\/de\/\" target=\"_blank\" rel=\"noopener\">Schweizerische Gesellschaft f\u00fcr Ern\u00e4hrungsmedizin<\/a><br \/>\n<a href=\"http:\/\/www.redcross.ch\/\" target=\"_blank\" rel=\"noopener\">Schweizerisches Rotes Kreuz SRK<\/a><br \/>\n<a href=\"http:\/\/www.slrg.ch\/\" target=\"_blank\" rel=\"noopener\">Schweizerische Lebensrettungsgesellschaft SLRG<\/a><br \/>\n<a href=\"http:\/\/www.spo.ch\/\" target=\"_blank\" rel=\"noopener\">Schweizerische Patientenorganisation SPO<\/a><br \/>\n<a href=\"http:\/\/www.swisstph.ch\/\" target=\"_blank\" rel=\"noopener\">Schweizerisches Tropeninstitut<\/a><br \/>\n<a href=\"http:\/\/www.seniorweb.ch\/\" target=\"_blank\" rel=\"noopener\">Senioren<\/a><br \/>\n<a href=\"http:\/\/www.emh.ch\/d\/medical_adresses\/hospitals\/cantons.cfm\" target=\"_blank\" rel=\"noopener\">Spitalsuche<\/a><br \/>\n<a href=\"http:\/\/www.toxi.ch\/start.html\" target=\"_blank\" rel=\"noopener\">Stitz Schweizerisches Toxikologisches Informationszentrum<\/a><br \/>\n<a href=\"http:\/\/www.suissebalance.ch\/logicio\/client\/suissebalance\/intro.php\" target=\"_blank\" rel=\"noopener\">Suissebalance, Ern\u00e4hrungsbewegung von BAG und Gesundheitsf\u00f6rderung Schweiz<\/a><br \/>\n<a href=\"http:\/\/www.ipsilon.ch\/index.php?id=1\" target=\"_blank\" rel=\"noopener\">Suizid, Selbstmord Initiative zur Pr\u00e4vention von Suizid in der Schweiz IPSILON<\/a><br \/>\n<a href=\"http:\/\/www.suva.ch\/\" target=\"_blank\" rel=\"noopener\">SUVA Schweizerische Unfallversicherung<\/a><br \/>\n<a href=\"http:\/\/www.swissmedic.ch\/\" target=\"_blank\" rel=\"noopener\">Swissmedic Schweizerische Heilmittelinstitut<\/a><br \/>\n<a href=\"http:\/\/www.swissmom.ch\/\" target=\"_blank\" rel=\"noopener\">Swissmom &#8211; Informationen \u00fcber Schwangerschaft und Geburt<\/a><\/p>\n<\/li><li data-tab=\"tab-19\" ><p><a href=\"http:\/\/www.toxi.ch\/start.html\" target=\"_blank\" rel=\"noopener\">Toxikologisches Informationszentrum (STIZ oder Tox)<\/a><br \/>\n<a href=\"http:\/\/www.therapievermittlung.ch\/\" target=\"_blank\" rel=\"noopener\">Therapievermittlung<\/a><br \/>\n<a href=\"http:\/\/www.akupunktur-tcm.ch\/pages\/intro.php\" target=\"_blank\" rel=\"noopener\">Traditionelle Chinesische Medizin \u00c4rztegesellschaft<\/a><br \/>\n<a href=\"http:\/\/www.trinkwasser.ch\/dt\/frameset.htm?html\/trinkwasser\/nav_tw.html~leftFrame\" target=\"_blank\" rel=\"noopener\">Trinkwasserqualit\u00e4t<\/a><br \/>\n<a href=\"http:\/\/www.swisstph.ch\/speziell\/notfound.html?redirect_url=%2Fdeutsch%2Fmedical_services.htm\" target=\"_blank\" rel=\"noopener\">Tropeninstitut Schweizerisches<\/a><br \/>\n<a href=\"http:\/\/www.tschau.ch\/\" target=\"_blank\" rel=\"noopener\">Tschau, Jugendportal (Tr\u00e4gerschaft Pro Juventute)<\/a><\/p>\n<\/li><li data-tab=\"tab-20\" ><p><a href=\"http:\/\/www.adipositas-stiftung.ch\/de\/\" target=\"_blank\" rel=\"noopener\">Uebergewicht, Schweizerische Adipositas-Stiftung SAPS<\/a><br \/>\n<a href=\"http:\/\/www.minu-web.ch\/home\/index.cfm\" target=\"_blank\" rel=\"noopener\">Uebergewicht und Jugendliche interaktiv<\/a><br \/>\n<a href=\"http:\/\/www.urologie.ch\/v2\/\" target=\"_blank\" rel=\"noopener\">Urologie Gesellschaft Schweizerische<\/a><\/p>\n<\/li><li data-tab=\"tab-21\" ><p><a href=\"http:\/\/www.versicherungvergleich.info\/\" target=\"_blank\" rel=\"noopener\"> Versicherungsvergleich Krankenversicherung &#8211; umfassende Informationen zur Kranken-, Renten- und Lebensversicherung<\/a><\/p>\n<\/li><li data-tab=\"tab-22\" ><p><a href=\"http:\/\/www.websurg.com\/\" target=\"_blank\" rel=\"noopener\">Websurg &#8211; Lehrg\u00e4nge und Videos zu chirurgischen Eingriffen (Anmeldung gratis)<\/a><br \/>\n<a href=\"http:\/\/www.who.int\/en\/\" target=\"_blank\" rel=\"noopener\">Weltgesundheitsorganisation WHO<\/a><\/p>\n<\/li><li data-tab=\"tab-23\" ><p>Hier haben wir noch keine Links&#8230;<\/p>\n<\/li><li data-tab=\"tab-24\" ><p>Hier haben wir noch keine Links&#8230;<\/p>\n<\/li><li data-tab=\"tab-25\" ><p><a href=\"http:\/\/www.doktor.ch\/\" target=\"_blank\" rel=\"noopener\">Zahn\u00e4rzteverzeichnis<\/a><br \/>\n<a href=\"http:\/\/www.zahnfreundlich.ch\/\" target=\"_blank\" rel=\"noopener\">Zahnfreundlich Aktion<\/a><br \/>\n<a href=\"http:\/\/www.zoeliakie.ch\/\" target=\"_blank\" rel=\"noopener\">Z\u00f6liakie Schweizerische Interessengemeinschaft<\/a><br \/>\n<a href=\"http:\/\/www.zwang.ch\/\" target=\"_blank\" rel=\"noopener\">Zwangsst\u00f6rungen Schweizerische Gesellschaft f\u00fcr Menschen mit Zwangsst\u00f6rungen<\/a><\/p>\n<\/li><\/ul><\/div>\n","protected":false},"excerpt":{"rendered":"<p>Zu welchem Thema h\u00e4tten Sie gerne Informationen? W\u00e4hlen Sie aus unserer umfangreichen Linksammlung aus. Falls ein Links nicht funktionieren sollte, so sind wir dankbar um ein e-mail an kontakt@arztpraxisloewenzentrum.ch. Hier gelangen Sie zu unserer alphabetischen Linksammlung.<\/p>\n","protected":false},"author":1,"featured_media":0,"parent":0,"menu_order":0,"comment_status":"closed","ping_status":"closed","template":"","meta":{"footnotes":""},"class_list":["post-212","page","type-page","status-publish","hentry"],"_links":{"self":[{"href":"https:\/\/www.medizin-zentrum-dietikon.ch\/index.php\/wp-json\/wp\/v2\/pages\/212","targetHints":{"allow":["GET"]}}],"collection":[{"href":"https:\/\/www.medizin-zentrum-dietikon.ch\/index.php\/wp-json\/wp\/v2\/pages"}],"about":[{"href":"https:\/\/www.medizin-zentrum-dietikon.ch\/index.php\/wp-json\/wp\/v2\/types\/page"}],"author":[{"embeddable":true,"href":"https:\/\/www.medizin-zentrum-dietikon.ch\/index.php\/wp-json\/wp\/v2\/users\/1"}],"replies":[{"embeddable":true,"href":"https:\/\/www.medizin-zentrum-dietikon.ch\/index.php\/wp-json\/wp\/v2\/comments?post=212"}],"version-history":[{"count":4,"href":"https:\/\/www.medizin-zentrum-dietikon.ch\/index.php\/wp-json\/wp\/v2\/pages\/212\/revisions"}],"predecessor-version":[{"id":2315,"href":"https:\/\/www.medizin-zentrum-dietikon.ch\/index.php\/wp-json\/wp\/v2\/pages\/212\/revisions\/2315"}],"wp:attachment":[{"href":"https:\/\/www.medizin-zentrum-dietikon.ch\/index.php\/wp-json\/wp\/v2\/media?parent=212"}],"curies":[{"name":"wp","href":"https:\/\/api.w.org\/{rel}","templated":true}]}}