{"id":999,"date":"2012-06-04T19:09:50","date_gmt":"2012-06-04T19:09:50","guid":{"rendered":"http:\/\/www.arztpraxisloewenzentrum.ch\/index.php\/medizinisches-angebot-2\/"},"modified":"2015-10-16T20:37:08","modified_gmt":"2015-10-16T20:37:08","slug":"medizinisches-angebot","status":"publish","type":"page","link":"https:\/\/www.medizin-zentrum-dietikon.ch\/index.php\/medizinisches-angebot\/","title":{"rendered":"Medizinisches Angebot"},"content":{"rendered":"<p>&nbsp;<\/p>\n<h2>Medizinisches Angebot<\/h2>\n<ul>\n<li>Beratung, Untersuchung und Behandlung von Erwachsenen mit gesundheitlichen St\u00f6rungen im k\u00f6rperlichen und psychischen Bereich.<\/li>\n<li>Diabeteskontrolle und Einstellung<\/li>\n<li>Blutdruckeinstellung<\/li>\n<li>Abkl\u00e4rung und Behandlung von R\u00fccken und Gelenksbeschwerden, speziell Diskushernien mittels interventioneller Schmerztherapie<\/li>\n<li>Gesundheitsstandortbestimmung (Check-up)<\/li>\n<li>Abkl\u00e4rung und Untersuchung vor Operationen<\/li>\n<li>Medizinische Betreuung nach Operationen<\/li>\n<li>Impf- und Reiseberatungen: Mitglied von TropiMed<\/li>\n<li>Desensibilisierung bei Allergien<\/li>\n<li>Hausbesuche, wo medizinisch indiziert<\/li>\n<\/ul>\n<p>&nbsp;<\/p>\n<div class=\"clear\"><\/div><div class=\"gdl-divider\"><div class=\"scroll-top\"><\/div><\/div>\n<p>&nbsp;<\/p>\n<h2>Unsere technischen M\u00f6glichkeiten<\/h2>\n<ul>\n<li>Labor<\/li>\n<li>Digitales R\u00f6ntgen<\/li>\n<li>Ultraschall<\/li>\n<li>EKG und 24-h-EKG<\/li>\n<li>24-h-Blutdruckmessung<\/li>\n<li>Lungenfunktion<\/li>\n<\/ul>\n<p>&nbsp;<\/p>\n<div class=\"clear\"><\/div><div class=\"gdl-divider\"><div class=\"scroll-top\"><\/div><\/div>\n<p>&nbsp;<\/p>\n<h2>Hilfe in folgenden Sprachen<\/h2>\n<ul>\n<li>Deutsch<\/li>\n<li>Englisch<\/li>\n<li>Franz\u00f6sisch<\/li>\n<li>Italienisch<\/li>\n<\/ul>\n","protected":false},"excerpt":{"rendered":"<p>&nbsp; Medizinisches Angebot Beratung, Untersuchung und Behandlung von Erwachsenen mit gesundheitlichen St\u00f6rungen im k\u00f6rperlichen und psychischen Bereich. Diabeteskontrolle und Einstellung Blutdruckeinstellung Abkl\u00e4rung und Behandlung von R\u00fccken und Gelenksbeschwerden, speziell Diskushernien mittels interventioneller Schmerztherapie Gesundheitsstandortbestimmung (Check-up) Abkl\u00e4rung und Untersuchung vor Operationen Medizinische Betreuung nach Operationen Impf- und Reiseberatungen: Mitglied von TropiMed Desensibilisierung bei Allergien Hausbesuche, wo medizinisch indiziert &nbsp; &nbsp; Unsere technischen M\u00f6glichkeiten Labor Digitales R\u00f6ntgen Ultraschall EKG und 24-h-EKG 24-h-Blutdruckmessung Lungenfunktion &nbsp; &nbsp; Hilfe in folgenden Sprachen Deutsch Englisch Franz\u00f6sisch Italienisch<\/p>\n","protected":false},"author":1,"featured_media":0,"parent":0,"menu_order":0,"comment_status":"closed","ping_status":"closed","template":"","meta":{"footnotes":""},"class_list":["post-999","page","type-page","status-publish","hentry"],"_links":{"self":[{"href":"https:\/\/www.medizin-zentrum-dietikon.ch\/index.php\/wp-json\/wp\/v2\/pages\/999","targetHints":{"allow":["GET"]}}],"collection":[{"href":"https:\/\/www.medizin-zentrum-dietikon.ch\/index.php\/wp-json\/wp\/v2\/pages"}],"about":[{"href":"https:\/\/www.medizin-zentrum-dietikon.ch\/index.php\/wp-json\/wp\/v2\/types\/page"}],"author":[{"embeddable":true,"href":"https:\/\/www.medizin-zentrum-dietikon.ch\/index.php\/wp-json\/wp\/v2\/users\/1"}],"replies":[{"embeddable":true,"href":"https:\/\/www.medizin-zentrum-dietikon.ch\/index.php\/wp-json\/wp\/v2\/comments?post=999"}],"version-history":[{"count":1,"href":"https:\/\/www.medizin-zentrum-dietikon.ch\/index.php\/wp-json\/wp\/v2\/pages\/999\/revisions"}],"predecessor-version":[{"id":1429,"href":"https:\/\/www.medizin-zentrum-dietikon.ch\/index.php\/wp-json\/wp\/v2\/pages\/999\/revisions\/1429"}],"wp:attachment":[{"href":"https:\/\/www.medizin-zentrum-dietikon.ch\/index.php\/wp-json\/wp\/v2\/media?parent=999"}],"curies":[{"name":"wp","href":"https:\/\/api.w.org\/{rel}","templated":true}]}}