{"id":950,"date":"2012-06-07T19:54:00","date_gmt":"2012-06-07T19:54:00","guid":{"rendered":"http:\/\/www.arztpraxisloewenzentrum.ch\/index.php\/disclaimer-2\/"},"modified":"2015-10-15T19:26:54","modified_gmt":"2015-10-15T19:26:54","slug":"disclaimer","status":"publish","type":"page","link":"https:\/\/www.medizin-zentrum-dietikon.ch\/index.php\/disclaimer\/","title":{"rendered":"Disclaimer"},"content":{"rendered":"<p style=\"text-align: justify;\">\u00a0<strong>1. Geltungsbereich<\/strong><\/p>\n<p style=\"text-align: justify;\">Die Webseite www.arztpraxisloewenzentrum.ch wird von Dr. med. Thomas Gasser betrieben. Die Webseite richtet sich an Personen (Laien oder med. Fachpersonal) mit Sitz oder Wohnsitz in der Schweiz. Sie dient zur Information \u00fcber das Dienstleistungsangebot der Praxis von Dr. med. Thomas Gasser. Medizinische Informationen wurden gesammelt, teilweise mit eigenen Meinungen und Erfahrungen erg\u00e4nzt und dienen lediglich der Information. Diese sind keineswegs vollst\u00e4ndig und ersetzen die Beratung oder ein \u00e4rztliches Gespr\u00e4ch unter keinen Umst\u00e4nden. Die Webseite und die Allgemeinen Nutzungsbedingungen richten sich nach den gesetzlichen Bestimmungen der Schweiz. Personen, welche auf die Homepage zugreifen, erkl\u00e4ren sich mit den nachfolgenden Bedingungen einverstanden und akzeptieren insbesondere den Haftungsausschluss.<\/p>\n<p style=\"text-align: justify;\"><strong>2. \u00c4nderung der Nutzungsbedingungen<\/strong><\/p>\n<p style=\"text-align: justify;\">\u00c4nderungen dieser allgemeinen Nutzungsbestimmungen k\u00f6nnen jederzeit ohne Ank\u00fcndigung erfolgen und werden unmittelbar mit der Ver\u00f6ffentlichung auf dieser Homepage wirksam.<\/p>\n<p style=\"text-align: justify;\"><strong>3. Zugang und Verf\u00fcgbarkeit<\/strong><\/p>\n<p style=\"text-align: justify;\">Der NUTZER hat keinen Anspruch auf Zugang zu dieser Webseite und auf die fehlerfreie technische Verf\u00fcgbarkeit der Webseite.<\/p>\n<p style=\"text-align: justify;\"><strong>4. Inhalte<\/strong><\/p>\n<p style=\"text-align: justify;\">Die Inhalte dienen ausschliesslich der allgemeinen Information \u00fcber die Dienstleistungen der Arztpraxis L\u00f6wenzentrum sowie der allgemeinen Information \u00fcber medizinische Fragen. Die auf diesen Webseiten enthaltenen Informationen enthalten weder Anspruch auf Vollst\u00e4ndigkeit noch auf Richtigkeit. Der Nutzer wird ausdr\u00fccklich darauf hingewiesen, dass medizinische Informationen auf dieser Webseite in keiner Weise die pers\u00f6nliche Beratung durch einen Arzt oder qualifiziertes medizinisches Fachpersonal ersetzen k\u00f6nnen. Die Homepage wird von Dr. med. Thomas Gasser betrieben, die Inhalte sind nicht werbefinanziert. Es kann sein, dass externe Werbung platziert wird, diese wird als solche gekennzeichnet. Ebenso k\u00f6nnen Links und Werbungen platziert werden, welche in Zusammenhang mit der Praxisausr\u00fcstung stehen.<\/p>\n<p style=\"text-align: justify;\"><strong>5. Links<\/strong><\/p>\n<p style=\"text-align: justify;\">Diese Webseite enth\u00e4lt Verkn\u00fcpfungen (Links) zu Websites von anderen Anbietern. Es wird keine Verantwortung \u00fcber Inhalte von Dritten wie auch Links \u00fcbernommen. Diese Links dienen lediglich der Benutzungsfreundlichkeit der Webseite und stellen keine Genehmigung des Inhalts einer anderen Website dar. Dr. med. Thomas Gasser \u00fcbernimmt grunds\u00e4tzlich keine Verantwortung f\u00fcr eine Website eines anderen Anbieters. Die Aktivierung eines Links erfolgt daher auf eigenes Risiko des Nutzers.<\/p>\n<p style=\"text-align: justify;\"><strong>6. E-mail<\/strong><\/p>\n<p style=\"text-align: justify;\">Der Betreiber der Homepage www.arztpraxisloewenzentrum.ch verpflichtet sich nicht eintreffende E-mail zu beantworten oder allf\u00e4llige medizinische Anfragen zu beantworten. Zus\u00e4tzlich wird vom Betreiber dieser Homepage jede Haftung f\u00fcr den Inhalt und Richtigkeit der auf der Homepage stehenden oder per E-mail-Kontakt versendeten oder in seinem Namen weitergeleiteten Informationen ausgeschlossen.<\/p>\n<p style=\"text-align: justify;\"><strong>7. Datensicherheit und Vertraulichkeit<\/strong><\/p>\n<p style=\"text-align: justify;\">Bei der unverschl\u00fcsselten \u00dcbermittlung in einem offenen Netz k\u00f6nnen Daten von unbefugten Dritten gelesen, ver\u00e4ndert oder vernichtet werden. Jede \u00dcbermittlung von Daten von oder zur Webseite erfolgt daher auf eigenes Risiko des Nutzers. Die direkt dem Betreiber der Homepage \u00fcbermittelten Daten (Email, Name, Kontaktdaten, Medizinische Daten etc.) werden vertraulich behandelt. Aus Gr\u00fcnden der schnelleren Wiederauffindbarkeit und Anzeige der Homepage kann es sein, dass einzelne Seiten Cookies aussenden. Diese werden ebenfalls vertraulich behandelt.<\/p>\n<p style=\"text-align: justify;\"><strong>8. Urheberrechte<\/strong><\/p>\n<p style=\"text-align: justify;\">Die Inhalte auf dieser Website sind durch Marken-, Patent-, Urheberrechte und sonstige Rechte zum Schutz des geistigen Eigentums gesch\u00fctzt und sind, sofern nicht anders gekennzeichnet, Eigentum von Dr. med. Thomas Gasser oder von Organisationen an welchen er beteiligt ist. Der Nutzer darf die Inhalte zur ausschliesslich privaten Nutzung anzeigen, speichern, ausdrucken und kopieren. Dabei d\u00fcrfen die Inhalte durch den Nutzer nicht ver\u00e4ndert werden und alle Hinweise auf Urheber- und Markenrechte m\u00fcssen erhalten bleiben. Jede weitergehende Verwendung der Inhalte oder von Teilen davon erfordert die vorherige schriftliche Zustimmung von Dr. med. Thomas Gasser.<\/p>\n<p style=\"text-align: justify;\"><strong>9. Haftungsausschluss<\/strong><\/p>\n<p style=\"text-align: justify;\">Dr. med. Thomas Gasser pr\u00fcft die Inhalte auf deren Richtigkeit und Aktualit\u00e4t. Er kann jedoch keine Gew\u00e4hr f\u00fcr die Richtigkeit, Aktualit\u00e4t oder Vollst\u00e4ndigkeit der Inhalte \u00fcbernehmen. Jede Haftung f\u00fcr Sch\u00e4den des Nutzers oder Dritter aus der Nutzung der Inhalte wird von Dr. med. Thomas Gasser abgelehnt. Er kann ausserdem nicht gew\u00e4hrleisten, dass die Webseite frei von Viren oder anderen sch\u00e4dlichen Bestandteilen ist und haftet nicht f\u00fcr daraus entstehende Sch\u00e4den des Nutzers oder Dritter.<\/p>\n<p style=\"text-align: justify;\"><strong>10. Rechtsanwendung und Gerichtsstand<\/strong><\/p>\n<p style=\"text-align: justify;\">Anwendbar ist ausschliesslich Schweizerisches Recht. Sollten eine oder mehrere dieser Nutzungsbedingungen aufgrund gesetzlicher Bestimmungen, Vorschriften oder Gesetzes\u00e4nderungen ganz oder teilweise unwirksam sein oder werden, bleiben alle \u00fcbrigen Nutzungsbedingungen in Kraft und es kommt diejenige wirksame Regelung zur Anwendung, die dem angestrebten Zweck der unwirksamen Regelung am n\u00e4chsten kommt. Ausschliesslicher Gerichtsstand ist Z\u00fcrich.<\/p>\n<p>&nbsp;<\/p>\n","protected":false},"excerpt":{"rendered":"<p>\u00a01. Geltungsbereich Die Webseite www.arztpraxisloewenzentrum.ch wird von Dr. med. Thomas Gasser betrieben. Die Webseite richtet sich an Personen (Laien oder med. Fachpersonal) mit Sitz oder Wohnsitz in der Schweiz. Sie dient zur Information \u00fcber das Dienstleistungsangebot der Praxis von Dr. med. Thomas Gasser. Medizinische Informationen wurden gesammelt, teilweise mit eigenen Meinungen und Erfahrungen erg\u00e4nzt und dienen lediglich der Information. Diese sind keineswegs vollst\u00e4ndig und ersetzen die Beratung oder ein \u00e4rztliches Gespr\u00e4ch unter keinen Umst\u00e4nden. Die Webseite und die Allgemeinen Nutzungsbedingungen richten sich nach den gesetzlichen Bestimmungen der Schweiz. Personen, welche auf die Homepage zugreifen, erkl\u00e4ren sich mit den nachfolgenden Bedingungen einverstanden und akzeptieren insbesondere den Haftungsausschluss. 2. \u00c4nderung der Nutzungsbedingungen \u00c4nderungen dieser allgemeinen Nutzungsbestimmungen k\u00f6nnen jederzeit ohne Ank\u00fcndigung erfolgen und werden unmittelbar mit der Ver\u00f6ffentlichung auf dieser Homepage wirksam. 3. Zugang und Verf\u00fcgbarkeit Der NUTZER hat keinen Anspruch auf Zugang zu dieser Webseite und auf die fehlerfreie technische Verf\u00fcgbarkeit der Webseite. 4. Inhalte Die Inhalte dienen ausschliesslich der allgemeinen Information \u00fcber die Dienstleistungen der Arztpraxis L\u00f6wenzentrum sowie der allgemeinen Information \u00fcber medizinische Fragen. Die auf diesen Webseiten enthaltenen Informationen enthalten weder Anspruch auf Vollst\u00e4ndigkeit noch auf Richtigkeit. Der Nutzer wird ausdr\u00fccklich darauf hingewiesen, dass medizinische Informationen auf dieser Webseite in keiner Weise die pers\u00f6nliche Beratung durch einen Arzt oder qualifiziertes medizinisches Fachpersonal ersetzen k\u00f6nnen. Die Homepage wird von Dr. med. Thomas Gasser betrieben, die Inhalte sind nicht werbefinanziert. Es kann sein, dass externe Werbung platziert wird, diese wird als solche gekennzeichnet. Ebenso k\u00f6nnen Links und Werbungen platziert werden, welche in Zusammenhang mit der Praxisausr\u00fcstung stehen. 5. Links Diese Webseite enth\u00e4lt Verkn\u00fcpfungen (Links) zu Websites von anderen Anbietern. Es wird keine Verantwortung \u00fcber Inhalte von Dritten wie auch Links \u00fcbernommen. Diese Links dienen lediglich der Benutzungsfreundlichkeit der Webseite und stellen keine Genehmigung des Inhalts einer anderen Website dar. Dr. med. Thomas Gasser \u00fcbernimmt grunds\u00e4tzlich keine Verantwortung f\u00fcr eine Website eines anderen Anbieters. Die Aktivierung eines Links erfolgt daher auf eigenes Risiko des Nutzers. 6. E-mail Der Betreiber der Homepage www.arztpraxisloewenzentrum.ch verpflichtet sich nicht eintreffende E-mail zu beantworten oder allf\u00e4llige medizinische Anfragen zu beantworten. Zus\u00e4tzlich wird vom Betreiber dieser Homepage jede Haftung f\u00fcr den Inhalt und Richtigkeit der auf der Homepage stehenden oder per E-mail-Kontakt versendeten oder in seinem Namen weitergeleiteten Informationen ausgeschlossen. 7. Datensicherheit und Vertraulichkeit Bei der unverschl\u00fcsselten \u00dcbermittlung in einem offenen Netz k\u00f6nnen Daten von unbefugten Dritten gelesen, ver\u00e4ndert oder vernichtet werden. Jede \u00dcbermittlung von Daten von oder zur Webseite erfolgt daher auf eigenes Risiko des Nutzers. Die direkt dem Betreiber der Homepage \u00fcbermittelten Daten (Email, Name, Kontaktdaten, Medizinische Daten etc.) werden vertraulich behandelt. Aus Gr\u00fcnden der schnelleren Wiederauffindbarkeit und Anzeige der Homepage kann es sein, dass einzelne Seiten Cookies aussenden. Diese werden ebenfalls vertraulich behandelt. 8. Urheberrechte Die Inhalte auf dieser Website sind durch Marken-, Patent-, Urheberrechte und sonstige Rechte zum Schutz des geistigen Eigentums gesch\u00fctzt und sind, sofern nicht anders gekennzeichnet, Eigentum von Dr. med. Thomas Gasser oder von Organisationen an welchen er beteiligt ist. Der Nutzer darf die Inhalte zur ausschliesslich privaten Nutzung anzeigen, speichern, ausdrucken und kopieren. Dabei d\u00fcrfen die Inhalte durch den Nutzer nicht ver\u00e4ndert werden und alle Hinweise auf Urheber- und Markenrechte m\u00fcssen erhalten bleiben. Jede weitergehende Verwendung der Inhalte oder von Teilen davon erfordert die vorherige schriftliche Zustimmung von Dr. med. Thomas Gasser. 9. Haftungsausschluss Dr. med. Thomas Gasser pr\u00fcft die Inhalte auf deren Richtigkeit und Aktualit\u00e4t. Er kann jedoch keine Gew\u00e4hr f\u00fcr die Richtigkeit, Aktualit\u00e4t oder Vollst\u00e4ndigkeit der Inhalte \u00fcbernehmen. Jede Haftung f\u00fcr Sch\u00e4den des Nutzers oder Dritter aus der Nutzung der Inhalte wird von Dr. med. Thomas Gasser abgelehnt. Er kann ausserdem nicht gew\u00e4hrleisten, dass die Webseite frei von Viren oder anderen sch\u00e4dlichen Bestandteilen ist und haftet nicht f\u00fcr daraus entstehende Sch\u00e4den des Nutzers oder Dritter. 10. Rechtsanwendung und Gerichtsstand Anwendbar ist ausschliesslich Schweizerisches Recht. Sollten eine oder mehrere dieser Nutzungsbedingungen aufgrund gesetzlicher Bestimmungen, Vorschriften oder Gesetzes\u00e4nderungen ganz oder teilweise unwirksam sein oder werden, bleiben alle \u00fcbrigen Nutzungsbedingungen in Kraft und es kommt diejenige wirksame Regelung zur Anwendung, die dem angestrebten Zweck der unwirksamen Regelung am n\u00e4chsten kommt. Ausschliesslicher Gerichtsstand ist Z\u00fcrich. &nbsp;<\/p>\n","protected":false},"author":1,"featured_media":0,"parent":0,"menu_order":0,"comment_status":"closed","ping_status":"closed","template":"","meta":{"footnotes":""},"class_list":["post-950","page","type-page","status-publish","hentry"],"_links":{"self":[{"href":"https:\/\/www.medizin-zentrum-dietikon.ch\/index.php\/wp-json\/wp\/v2\/pages\/950","targetHints":{"allow":["GET"]}}],"collection":[{"href":"https:\/\/www.medizin-zentrum-dietikon.ch\/index.php\/wp-json\/wp\/v2\/pages"}],"about":[{"href":"https:\/\/www.medizin-zentrum-dietikon.ch\/index.php\/wp-json\/wp\/v2\/types\/page"}],"author":[{"embeddable":true,"href":"https:\/\/www.medizin-zentrum-dietikon.ch\/index.php\/wp-json\/wp\/v2\/users\/1"}],"replies":[{"embeddable":true,"href":"https:\/\/www.medizin-zentrum-dietikon.ch\/index.php\/wp-json\/wp\/v2\/comments?post=950"}],"version-history":[{"count":1,"href":"https:\/\/www.medizin-zentrum-dietikon.ch\/index.php\/wp-json\/wp\/v2\/pages\/950\/revisions"}],"predecessor-version":[{"id":1424,"href":"https:\/\/www.medizin-zentrum-dietikon.ch\/index.php\/wp-json\/wp\/v2\/pages\/950\/revisions\/1424"}],"wp:attachment":[{"href":"https:\/\/www.medizin-zentrum-dietikon.ch\/index.php\/wp-json\/wp\/v2\/media?parent=950"}],"curies":[{"name":"wp","href":"https:\/\/api.w.org\/{rel}","templated":true}]}}