{"id":928,"date":"2013-04-14T17:11:05","date_gmt":"2013-04-14T17:11:05","guid":{"rendered":"http:\/\/www.arztpraxisloewenzentrum.ch\/index.php\/der-menschliche-korper\/magen\/"},"modified":"2013-04-14T17:11:05","modified_gmt":"2013-04-14T17:11:05","slug":"magen","status":"publish","type":"page","link":"https:\/\/www.medizin-zentrum-dietikon.ch\/index.php\/der-menschliche-korper\/magen\/","title":{"rendered":"Magen"},"content":{"rendered":"<p style=\"text-align: justify;\"><a href=\"http:\/\/www.arztpraxisloewenzentrum.ch\/wordpress\/wp-content\/uploads\/2013\/04\/magen-copy.jpg\"><img loading=\"lazy\" decoding=\"async\" class=\"alignleft size-full wp-image-437\" alt=\"magen copy\" src=\"http:\/\/www.arztpraxisloewenzentrum.ch\/wordpress\/wp-content\/uploads\/2013\/04\/magen-copy.jpg\" width=\"369\" height=\"211\" srcset=\"https:\/\/www.medizin-zentrum-dietikon.ch\/wordpress\/wp-content\/uploads\/2013\/04\/magen-copy.jpg 369w, https:\/\/www.medizin-zentrum-dietikon.ch\/wordpress\/wp-content\/uploads\/2013\/04\/magen-copy-300x171.jpg 300w\" sizes=\"auto, (max-width: 369px) 100vw, 369px\" \/><\/a>Im Magen wird die Nahrung durch chemische Prozesse verkleinert. Er fasst ca. 1200 bis 1600ml.<br \/>\nDie Speiser\u00f6hre m\u00fcndet in die Kardia. Benachbart ist der Magenfundus. Den Hauptteil des Magens macht der Magenk\u00f6rper auf. Ihm schliesst sich das Antrum an. Den Schluss bildet der Magenpf\u00f6rtner,<\/p>\n<p style=\"text-align: justify;\"><strong>Feinbau<\/strong><br \/>\nIm Magenfundus und K\u00f6rper befinden sich Dr\u00fcsen. Drei verschiedene Zellarten werden unterschieden: Nebenzellen, Hauptzellen und Belegzellen.<\/p>\n<p style=\"text-align: justify;\">Die Nebenzellen produzieren einen neutralen Schleim. Die Hauptzellen bilden das sogenannte Pepsinogen, ein Eiweiss, welches der Zerlegung der Nahrungsstoffe dient. Die Belegzellen schliesslich produzieren die Magens\u00e4ure.<\/p>\n<p style=\"text-align: justify;\"><strong>Krankheiten<\/strong><br \/>\nH\u00e4ufige Krankheiten der Speiser\u00f6hre und des Magens sind die Speiser\u00f6hren- bzw. Magenentz\u00fcndung (\u00d6sophagitis bzw. Gastritis), Magengeschw\u00fcre (Ulcera). Selten kommt es auch zu Speiser\u00f6hren- bzw. Magenkrebs.<\/p>\n<p style=\"text-align: justify;\"><strong>Untersuchungstechniken<\/strong><br \/>\nZur Abkl\u00e4rung von Magenbeschwerden kann eine Magenspiegelung, die sogenannte Gastroskopie, n\u00fctzlich sein. Informationen \u00fcber die Magenspiegelung finden sie <a title=\"Magenspiegelung\" href=\"http:\/\/www.arztpraxisloewenzentrum.ch\/wordpress\/?page_id=327\">hier<\/a>.<\/p>\n","protected":false},"excerpt":{"rendered":"<p>Im Magen wird die Nahrung durch chemische Prozesse verkleinert. Er fasst ca. 1200 bis 1600ml. Die Speiser\u00f6hre m\u00fcndet in die Kardia. Benachbart ist der Magenfundus. Den Hauptteil des Magens macht der Magenk\u00f6rper auf. Ihm schliesst sich das Antrum an. Den Schluss bildet der Magenpf\u00f6rtner, Feinbau Im Magenfundus und K\u00f6rper befinden sich Dr\u00fcsen. Drei verschiedene Zellarten werden unterschieden: Nebenzellen, Hauptzellen und Belegzellen. Die Nebenzellen produzieren einen neutralen Schleim. Die Hauptzellen bilden das sogenannte Pepsinogen, ein Eiweiss, welches der Zerlegung der Nahrungsstoffe dient. Die Belegzellen schliesslich produzieren die Magens\u00e4ure. Krankheiten H\u00e4ufige Krankheiten der Speiser\u00f6hre und des Magens sind die Speiser\u00f6hren- bzw. Magenentz\u00fcndung (\u00d6sophagitis bzw. Gastritis), Magengeschw\u00fcre (Ulcera). Selten kommt es auch zu Speiser\u00f6hren- bzw. Magenkrebs. Untersuchungstechniken Zur Abkl\u00e4rung von Magenbeschwerden kann eine Magenspiegelung, die sogenannte Gastroskopie, n\u00fctzlich sein. Informationen \u00fcber die Magenspiegelung finden sie hier.<\/p>\n","protected":false},"author":1,"featured_media":0,"parent":906,"menu_order":0,"comment_status":"closed","ping_status":"closed","template":"","meta":{"footnotes":""},"class_list":["post-928","page","type-page","status-publish","hentry"],"_links":{"self":[{"href":"https:\/\/www.medizin-zentrum-dietikon.ch\/index.php\/wp-json\/wp\/v2\/pages\/928","targetHints":{"allow":["GET"]}}],"collection":[{"href":"https:\/\/www.medizin-zentrum-dietikon.ch\/index.php\/wp-json\/wp\/v2\/pages"}],"about":[{"href":"https:\/\/www.medizin-zentrum-dietikon.ch\/index.php\/wp-json\/wp\/v2\/types\/page"}],"author":[{"embeddable":true,"href":"https:\/\/www.medizin-zentrum-dietikon.ch\/index.php\/wp-json\/wp\/v2\/users\/1"}],"replies":[{"embeddable":true,"href":"https:\/\/www.medizin-zentrum-dietikon.ch\/index.php\/wp-json\/wp\/v2\/comments?post=928"}],"version-history":[{"count":0,"href":"https:\/\/www.medizin-zentrum-dietikon.ch\/index.php\/wp-json\/wp\/v2\/pages\/928\/revisions"}],"up":[{"embeddable":true,"href":"https:\/\/www.medizin-zentrum-dietikon.ch\/index.php\/wp-json\/wp\/v2\/pages\/906"}],"wp:attachment":[{"href":"https:\/\/www.medizin-zentrum-dietikon.ch\/index.php\/wp-json\/wp\/v2\/media?parent=928"}],"curies":[{"name":"wp","href":"https:\/\/api.w.org\/{rel}","templated":true}]}}