{"id":381,"date":"2013-04-14T15:14:35","date_gmt":"2013-04-14T15:14:35","guid":{"rendered":"http:\/\/www.arztpraxisloewenzentrum.ch\/wordpress\/?page_id=381"},"modified":"2013-04-24T20:49:48","modified_gmt":"2013-04-24T20:49:48","slug":"durch-zecken-ubertragbare-erkrankungen","status":"publish","type":"page","link":"https:\/\/www.medizin-zentrum-dietikon.ch\/index.php\/durch-zecken-ubertragbare-erkrankungen\/","title":{"rendered":"Durch Zecken \u00fcbertragbare Erkrankungen"},"content":{"rendered":"<p style=\"text-align: justify;\"><img loading=\"lazy\" decoding=\"async\" class=\"alignleft size-full wp-image-382\" style=\"margin-right: 10px;\" alt=\"ixodes\" src=\"http:\/\/www.arztpraxisloewenzentrum.ch\/wordpress\/wp-content\/uploads\/2013\/04\/ixodes.jpg\" width=\"250\" height=\"350\" srcset=\"https:\/\/www.medizin-zentrum-dietikon.ch\/wordpress\/wp-content\/uploads\/2013\/04\/ixodes.jpg 250w, https:\/\/www.medizin-zentrum-dietikon.ch\/wordpress\/wp-content\/uploads\/2013\/04\/ixodes-214x300.jpg 214w\" sizes=\"auto, (max-width: 250px) 100vw, 250px\" \/> Zecken, genauer Schildzecken, sind weltweit vorkommende Parasiten. Am h\u00e4ufigsten in Mitteleuropa ist der gemeine Holzbock, Ixodes ricinus. Zecken k\u00f6nnen Krankheiten \u00fcbertragen, einerseits die Fr\u00fchsommer-Meningoencephalitis (Hirnhautentz\u00fcndung), andererseits die Borreliose (Lyme-Erkrankung)<\/p>\n<p style=\"text-align: justify;\">Schildzecken tragen auf dem R\u00fccken einen harten Schild (Scutum). Die Vermehrung der Zecken erfolgt gem\u00e4ss einem Zyklus. Nach einer ca. einw\u00f6chigen Blutmahlzeit und Begattung auf dem Wirt (einem Tier) legt das Weibchen Tausende von Eiern in den Boden. Aus den Eiern schl\u00fcpfen sechsbeinige Larven, die auf kleineren S\u00e4ugetieren (besonders Nagetieren) ein Blutmahl nehmen und sich anschliessend am Boden h\u00e4uten. Das n\u00e4chste Stadium ist die achtbeinige Nymphe, die sich nach einem Blutmahl auf Nagetieren oder V\u00f6geln zur erwachsenen Zecke h\u00e4utet. Die m\u00e4nnlichen und weiblichen Zecken saugen auf gr\u00f6sseren Wirbeltieren (Wildtiere, Haustiere, Menschen), den Wirten, mehrere Tage Blut. Alle Zeckenstadien k\u00f6nnen auf dem Menschen gefunden werden. Bei der Beutefindung hilft den Zecken das sogenannte Haller&#8217;sche Organ, ein Rezeptor f\u00fcr chemische Stoffe. Er befindet sich an den F\u00fcssen (&#8220;Tarsen&#8221;) des ersten Beinpaares und ist in der Lage, Stoffe wie Ammoniak, Kohlendioxid oder Milchs\u00e4ure zu erkennen, die von den Wirtstieren abgegeben werden.<\/p>\n<p style=\"text-align: justify;\"><strong>Der Lebenszyklus der Zecke<br \/>\n<img loading=\"lazy\" decoding=\"async\" class=\"aligncenter size-full wp-image-383\" style=\"margin-bottom: -20px;\" alt=\"zyklus\" src=\"http:\/\/www.arztpraxisloewenzentrum.ch\/wordpress\/wp-content\/uploads\/2013\/04\/zyklus.jpg\" width=\"615\" height=\"566\" srcset=\"https:\/\/www.medizin-zentrum-dietikon.ch\/wordpress\/wp-content\/uploads\/2013\/04\/zyklus.jpg 615w, https:\/\/www.medizin-zentrum-dietikon.ch\/wordpress\/wp-content\/uploads\/2013\/04\/zyklus-300x276.jpg 300w\" sizes=\"auto, (max-width: 615px) 100vw, 615px\" \/><br \/>\n<\/strong><br \/>\n<strong>Fr\u00fchsommermeningoencephalitis (FSME)<\/strong><br \/>\nDie Fr\u00fchsommer-Meningoenzephalitis ist eine durch das FSME-Virus verursachte Erkrankung. Sie \u00e4ussert sich durch grippe\u00e4hnliche Symptome und Fieber. Bei einem Teil der Patienten kommt es zu einer Infektion von Hirnhaut und Gehirn, einer Meningoenzephalitis. Ein Gro\u00dfteil der Patienten hat jedoch keine Symptome. Da es sich um einer virale Erkrankung handelt, gibt es keine urs\u00e4chliche Therapie. Umso wichtiger ist neben allgemeinen Schutzma\u00dfnahmen wie dem Absuchen des K\u00f6rpers nach einem Waldbesuch die Impfung gegen FSME. Sie wird, in der Schweiz f\u00fcr alle Personen (Kinder ab 6 Jahren), die sich in Risikogebieten aufhalten, empfohlen. Die FSME ist eine meldepfichtige Erkrankung.<\/p>\n<p>Karte: <a href=\"http:\/\/www.bag.admin.ch\/themen\/medizin\/00682\/00684\/01069\/index.html?lang=de&amp;download=M3wBPgDB\/8ull6Du36WenojQ1NTTjaXZnqWfVpzLhmfhnapmmc7Zi6rZnqCkkIV4e3Z\/bKbXrZ6lhuDZz8mMps2gpKfo\" target=\"_blank\">Verbreitung von FSME-befallenen Zecken in der Schweiz<\/a><br \/>\nInfo-Blatt Bundesamt f\u00fcr Gesundheit: <a href=\"http:\/\/www.bag.admin.ch\/themen\/medizin\/00682\/00685\/03212\/index.html?lang=de&amp;download=M3wBPgDB\/8ull6Du36WcnojN14in3qSbnpWYZmqYmE6p1rJgsYfhyt3NhqbdqIV%2BbaqwbKbXrZ6lhuDZz8mMps2go6fo\" target=\"_blank\">FSME-Impfung<\/a><\/p>\n<p style=\"text-align: justify;\"><strong>Lyme-Borreliose<\/strong><br \/>\n<img loading=\"lazy\" decoding=\"async\" class=\"alignleft  wp-image-384\" style=\"margin-right: 10px;\" alt=\"migrans\" src=\"http:\/\/www.arztpraxisloewenzentrum.ch\/wordpress\/wp-content\/uploads\/2013\/04\/migrans.jpg\" width=\"240\" height=\"180\" srcset=\"https:\/\/www.medizin-zentrum-dietikon.ch\/wordpress\/wp-content\/uploads\/2013\/04\/migrans.jpg 400w, https:\/\/www.medizin-zentrum-dietikon.ch\/wordpress\/wp-content\/uploads\/2013\/04\/migrans-300x225.jpg 300w, https:\/\/www.medizin-zentrum-dietikon.ch\/wordpress\/wp-content\/uploads\/2013\/04\/migrans-80x60.jpg 80w\" sizes=\"auto, (max-width: 240px) 100vw, 240px\" \/>Die Lyme-Borreliose ist eine bakterielle Infektionskrankheit, welche durch das Bakterium Borrelia burgdorferi verursacht wird. Erstes Symptom der Erkrankung kann eine \u00f6rtliche R\u00f6tung an der Stichstelle sein (Erythema migrans), welche sich typischerweise ausdehnt und ringf\u00f6rmig ist. Nach Tagen bis Wochen verschwindet die R\u00f6tung wieder. Bei einem Teil der Erkrankten kann es nach Wochen, Monaten oder gar Jahren zu einem zweiten Stadium kommen mit Befall von Gelenken, Nervensystem, Haut und selten dem Herz. Im Gegensatz zur FSME kann die Borrelieninfektion mit Antibiotika behandelt werden. Ohne Behandlung kann eine Borreliose bleibende Behinderungen zur Folge haben.<\/p>\n","protected":false},"excerpt":{"rendered":"<p>Zecken, genauer Schildzecken, sind weltweit vorkommende Parasiten. Am h\u00e4ufigsten in Mitteleuropa ist der gemeine Holzbock, Ixodes ricinus. Zecken k\u00f6nnen Krankheiten \u00fcbertragen, einerseits die Fr\u00fchsommer-Meningoencephalitis (Hirnhautentz\u00fcndung), andererseits die Borreliose (Lyme-Erkrankung) Schildzecken tragen auf dem R\u00fccken einen harten Schild (Scutum). Die Vermehrung der Zecken erfolgt gem\u00e4ss einem Zyklus. Nach einer ca. einw\u00f6chigen Blutmahlzeit und Begattung auf dem Wirt (einem Tier) legt das Weibchen Tausende von Eiern in den Boden. Aus den Eiern schl\u00fcpfen sechsbeinige Larven, die auf kleineren S\u00e4ugetieren (besonders Nagetieren) ein Blutmahl nehmen und sich anschliessend am Boden h\u00e4uten. Das n\u00e4chste Stadium ist die achtbeinige Nymphe, die sich nach einem Blutmahl auf Nagetieren oder V\u00f6geln zur erwachsenen Zecke h\u00e4utet. Die m\u00e4nnlichen und weiblichen Zecken saugen auf gr\u00f6sseren Wirbeltieren (Wildtiere, Haustiere, Menschen), den Wirten, mehrere Tage Blut. Alle Zeckenstadien k\u00f6nnen auf dem Menschen gefunden werden. Bei der Beutefindung hilft den Zecken das sogenannte Haller&#8217;sche Organ, ein Rezeptor f\u00fcr chemische Stoffe. Er befindet sich an den F\u00fcssen (&#8220;Tarsen&#8221;) des ersten Beinpaares und ist in der Lage, Stoffe wie Ammoniak, Kohlendioxid oder Milchs\u00e4ure zu erkennen, die von den Wirtstieren abgegeben werden. Der Lebenszyklus der Zecke Fr\u00fchsommermeningoencephalitis (FSME) Die Fr\u00fchsommer-Meningoenzephalitis ist eine durch das FSME-Virus verursachte Erkrankung. Sie \u00e4ussert sich durch grippe\u00e4hnliche Symptome und Fieber. Bei einem Teil der Patienten kommt es zu einer Infektion von Hirnhaut und Gehirn, einer Meningoenzephalitis. Ein Gro\u00dfteil der Patienten hat jedoch keine Symptome. Da es sich um einer virale Erkrankung handelt, gibt es keine urs\u00e4chliche Therapie. Umso wichtiger ist neben allgemeinen Schutzma\u00dfnahmen wie dem Absuchen des K\u00f6rpers nach einem Waldbesuch die Impfung gegen FSME. Sie wird, in der Schweiz f\u00fcr alle Personen (Kinder ab 6 Jahren), die sich in Risikogebieten aufhalten, empfohlen. Die FSME ist eine meldepfichtige Erkrankung. Karte: Verbreitung von FSME-befallenen Zecken in der Schweiz Info-Blatt Bundesamt f\u00fcr Gesundheit: FSME-Impfung Lyme-Borreliose Die Lyme-Borreliose ist eine bakterielle Infektionskrankheit, welche durch das Bakterium Borrelia burgdorferi verursacht wird. Erstes Symptom der Erkrankung kann eine \u00f6rtliche R\u00f6tung an der Stichstelle sein (Erythema migrans), welche sich typischerweise ausdehnt und ringf\u00f6rmig ist. Nach Tagen bis Wochen verschwindet die R\u00f6tung wieder. Bei einem Teil der Erkrankten kann es nach Wochen, Monaten oder gar Jahren zu einem zweiten Stadium kommen mit Befall von Gelenken, Nervensystem, Haut und selten dem Herz. Im Gegensatz zur FSME kann die Borrelieninfektion mit Antibiotika behandelt werden. Ohne Behandlung kann eine Borreliose bleibende Behinderungen zur Folge haben.<\/p>\n","protected":false},"author":1,"featured_media":0,"parent":0,"menu_order":0,"comment_status":"closed","ping_status":"closed","template":"","meta":{"footnotes":""},"class_list":["post-381","page","type-page","status-publish","hentry"],"_links":{"self":[{"href":"https:\/\/www.medizin-zentrum-dietikon.ch\/index.php\/wp-json\/wp\/v2\/pages\/381","targetHints":{"allow":["GET"]}}],"collection":[{"href":"https:\/\/www.medizin-zentrum-dietikon.ch\/index.php\/wp-json\/wp\/v2\/pages"}],"about":[{"href":"https:\/\/www.medizin-zentrum-dietikon.ch\/index.php\/wp-json\/wp\/v2\/types\/page"}],"author":[{"embeddable":true,"href":"https:\/\/www.medizin-zentrum-dietikon.ch\/index.php\/wp-json\/wp\/v2\/users\/1"}],"replies":[{"embeddable":true,"href":"https:\/\/www.medizin-zentrum-dietikon.ch\/index.php\/wp-json\/wp\/v2\/comments?post=381"}],"version-history":[{"count":3,"href":"https:\/\/www.medizin-zentrum-dietikon.ch\/index.php\/wp-json\/wp\/v2\/pages\/381\/revisions"}],"predecessor-version":[{"id":674,"href":"https:\/\/www.medizin-zentrum-dietikon.ch\/index.php\/wp-json\/wp\/v2\/pages\/381\/revisions\/674"}],"wp:attachment":[{"href":"https:\/\/www.medizin-zentrum-dietikon.ch\/index.php\/wp-json\/wp\/v2\/media?parent=381"}],"curies":[{"name":"wp","href":"https:\/\/api.w.org\/{rel}","templated":true}]}}