{"id":197,"date":"2013-03-26T06:35:31","date_gmt":"2013-03-26T06:35:31","guid":{"rendered":"http:\/\/www.arztpraxisloewenzentrum.ch\/wordpress\/?page_id=197"},"modified":"2023-02-07T20:11:52","modified_gmt":"2023-02-07T20:11:52","slug":"hausmittelchen","status":"publish","type":"page","link":"https:\/\/www.medizin-zentrum-dietikon.ch\/index.php\/von-patienten-fur-patienten\/hausmittelchen\/","title":{"rendered":"Medizin in den Medien"},"content":{"rendered":"<ul>\n<li><a href=\"https:\/\/www.blick.ch\/schweiz\/mangel-an-medizinern-darum-findet-hausarzt-marc-mueller-66-keinen-nachfolger-id16895117.html\" target=\"_blank\" rel=\"noopener\">Haus\u00e4rzte finden keinen Nachfolger<\/a><\/li>\n<li><a href=\"https:\/\/www.tagesanzeiger.ch\/ein-arzt-steigt-aus-924224190535\" target=\"_blank\" rel=\"noopener\">Abschied vom Traumberuf: Ein Arzt steigt aus<\/a><\/li>\n<li><a href=\"https:\/\/www.tagesanzeiger.ch\/verzweifelt-gesucht-hausarzt-oder-hausaerztin-284832089094\" target=\"_blank\" rel=\"noopener\">Verzweifelt gesucht: Hausarzt oder Haus\u00e4rztin<\/a><\/li>\n<li><a href=\"https:\/\/www.tagesanzeiger.ch\/bagatellfaelle-belasten-zuercher-notfallstationen-630830966819\" target=\"_blank\" rel=\"noopener\">Bagatellf\u00e4lle belasten Z\u00fcrcher Notfallstationen<\/a><\/li>\n<\/ul>\n<p style=\"text-align: justify;\">\n","protected":false},"excerpt":{"rendered":"<p>Haus\u00e4rzte finden keinen Nachfolger Abschied vom Traumberuf: Ein Arzt steigt aus Verzweifelt gesucht: Hausarzt oder Haus\u00e4rztin Bagatellf\u00e4lle belasten Z\u00fcrcher Notfallstationen<\/p>\n","protected":false},"author":1,"featured_media":0,"parent":191,"menu_order":0,"comment_status":"closed","ping_status":"closed","template":"","meta":{"footnotes":""},"class_list":["post-197","page","type-page","status-publish","hentry"],"_links":{"self":[{"href":"https:\/\/www.medizin-zentrum-dietikon.ch\/index.php\/wp-json\/wp\/v2\/pages\/197","targetHints":{"allow":["GET"]}}],"collection":[{"href":"https:\/\/www.medizin-zentrum-dietikon.ch\/index.php\/wp-json\/wp\/v2\/pages"}],"about":[{"href":"https:\/\/www.medizin-zentrum-dietikon.ch\/index.php\/wp-json\/wp\/v2\/types\/page"}],"author":[{"embeddable":true,"href":"https:\/\/www.medizin-zentrum-dietikon.ch\/index.php\/wp-json\/wp\/v2\/users\/1"}],"replies":[{"embeddable":true,"href":"https:\/\/www.medizin-zentrum-dietikon.ch\/index.php\/wp-json\/wp\/v2\/comments?post=197"}],"version-history":[{"count":9,"href":"https:\/\/www.medizin-zentrum-dietikon.ch\/index.php\/wp-json\/wp\/v2\/pages\/197\/revisions"}],"predecessor-version":[{"id":1982,"href":"https:\/\/www.medizin-zentrum-dietikon.ch\/index.php\/wp-json\/wp\/v2\/pages\/197\/revisions\/1982"}],"up":[{"embeddable":true,"href":"https:\/\/www.medizin-zentrum-dietikon.ch\/index.php\/wp-json\/wp\/v2\/pages\/191"}],"wp:attachment":[{"href":"https:\/\/www.medizin-zentrum-dietikon.ch\/index.php\/wp-json\/wp\/v2\/media?parent=197"}],"curies":[{"name":"wp","href":"https:\/\/api.w.org\/{rel}","templated":true}]}}